{"id":1272,"date":"2020-01-10T18:33:47","date_gmt":"2020-01-10T18:33:47","guid":{"rendered":"https:\/\/termal-star.com\/?page_id=1272"},"modified":"2021-05-25T10:18:24","modified_gmt":"2021-05-25T10:18:24","slug":"harakterystyka-vody","status":"publish","type":"page","link":"https:\/\/termal-star.com\/hu\/medicine\/harakterystyka-vody\/","title":{"rendered":"A v\u00edz jellemz\u0151i"},"content":{"rendered":"<div class=\"wpb-content-wrapper\"><div class=\"vc_row wpb_row vc_row-fluid\"><div class=\"wpb_column vc_column_container vc_col-sm-12\"><div class=\"vc_column-inner\"><div class=\"wpb_wrapper\"><div id=\"ultimate-heading-3676a04d8d1a28f3\" class=\"uvc-heading ult-adjust-bottom-margin ultimate-heading-3676a04d8d1a28f3 uvc-8257\" data-hspacer=\"no_spacer\"  data-halign=\"left\" style=\"text-align:left\"><div class=\"uvc-heading-spacer no_spacer\" style=\"top\"><\/div><div class=\"uvc-main-heading ult-responsive\"  data-ultimate-target='.uvc-heading.ultimate-heading-3676a04d8d1a28f3 h2'  data-responsive-json-new='{\"font-size\":\"desktop:30px;mobile_landscape:25px;\",\"line-height\":\"desktop:35px;mobile_landscape:30px;\"}' ><h2 style=\"font-family:&#039;Playfair Display&#039;;font-weight:700;margin-bottom:25px;\">A &quot;Thermal Star&quot; szanat\u00f3riumkomplexum balneol\u00f3giai \u00e9s \u00e9ghajlati t\u00e9nyez\u0151inek \u00e1ltal\u00e1nos jellemz\u0151i<\/h2><\/div><\/div>\n\t<div class=\"wpb_text_column wpb_content_element\" >\n\t\t<div class=\"wpb_wrapper\">\n\t\t\t<p><strong>A bels\u0151 \u00e9s k\u00fcls\u0151 haszn\u00e1latra sz\u00e1nt \u00e1sv\u00e1nyv\u00edz balneol\u00f3giai t\u00e9nyez\u0151i:<\/strong><\/p>\n<ol>\n<li>Term\u00e1l \u00e1sv\u00e1nyv\u00edz a 32-T sz\u00e1m\u00fa k\u00fatb\u00f3l a faluban. Als\u00f3-Szalotvina \u00fcd\u00fcl\u0151\u00f6vezet:<br \/>\n\u2013 sz\u00e9nsavas, magas szil\u00edcium-dioxid-tartalm\u00fa, er\u0151sen mineraliz\u00e1lt n\u00e1trium-kloridos, gyeng\u00e9n savas term\u00e1lv\u00edz, mint p\u00e9ld\u00e1ul a Wiesbaden (N\u00e9metorsz\u00e1g) \u2013 az Ukr\u00e1n Orvosi Rehabilit\u00e1ci\u00f3s \u00e9s Balneol\u00f3giai Kutat\u00f3int\u00e9zet k\u00f6vetkeztet\u00e9se szerint ez a v\u00edz k\u00fcls\u0151leges haszn\u00e1latra sz\u00e1nt, \u00e1sv\u00e1nyi ter\u00e1pi\u00e1s c\u00e9l\u00fa v\u00edz.<\/li>\n<li>\u00c1sv\u00e1nyv\u00edz az 5-07. sz\u00e1m\u00fa k\u00fatb\u00f3l p. Als\u00f3-Szalotvina \u00fcd\u00fcl\u0151\u00f6vezet:<br \/>\n\u2013 gyeng\u00e9n mineraliz\u00e1lt, magas szil\u00edciumtartalm\u00fa, hidrokarbon\u00e1tos, kalcium-n\u00e1trium tartalm\u00fa v\u00edz, \u00f6sszet\u00e9tel\u00e9t tekintve a Kuldur-Pireneusi t\u00edpus\u00fa (Franciaorsz\u00e1g) gyeng\u00e9n mineraliz\u00e1lt kovasavas vizek k\u00f6z\u00e9 tartozik \u2013 az Ukr\u00e1n Orvosi Rehabilit\u00e1ci\u00f3s \u00e9s Balneol\u00f3giai Kutat\u00f3int\u00e9zet k\u00f6vetkeztet\u00e9se szerint ez a v\u00edz k\u00fcls\u0151 \u00e9s bels\u0151 gy\u00f3gy\u00e1szati c\u00e9lokra is felhaszn\u00e1lhat\u00f3.<br \/>\nA szivatty\u00fah\u00e1z a j\u00f3v\u00e1hagyott \u00fctemterv szerint \u00fczemel, tov\u00e1bbi inform\u00e1ci\u00f3 az adminisztr\u00e1tort\u00f3l k\u00e9rhet\u0151.<\/li>\n<\/ol>\n<p><strong>\u00c9ghajlat<\/strong><br \/>\nA \u00fcd\u00fcl\u0151hely egy alf\u00f6ldi ter\u00fcleten tal\u00e1lhat\u00f3, 150 m\u00e9ter tengerszint feletti magass\u00e1gban. Az \u00fcd\u00fcl\u0151hely mikroklimatikus viszonyai nagyon kedvez\u0151ek, mivel a ter\u00fcletet vulk\u00e1ni eredet\u0171 kis hegyek veszik k\u00f6r\u00fcl, erd\u0151vel bor\u00edtva. A 0-\u00e1s stimul\u00e1ci\u00f3s szint\u0171 klimatoter\u00e1pi\u00e1s ter\u00fclethez tartozik, \u00edgy a \u00fcd\u00fcl\u0151helyen val\u00f3 tart\u00f3zkod\u00e1s nyugtat\u00f3 hat\u00e1s\u00fa.<\/p>\n\n\t\t<\/div>\n\t<\/div>\n<\/div><\/div><\/div><\/div><div class=\"vc_row wpb_row vc_row-fluid\"><div class=\"wpb_column vc_column_container vc_col-sm-8\"><div class=\"vc_column-inner\"><div class=\"wpb_wrapper\">\n\t<div class=\"wpb_text_column wpb_content_element\" >\n\t\t<div class=\"wpb_wrapper\">\n\t\t\t<p>A Thermal-Star szanat\u00f3riumban lehet\u0151s\u00e9g van ell\u00e1togatni <strong>gy\u00f3gy\u00edt\u00f3 kovasavas \u00e1sv\u00e1nyv\u00edzzel t\u00f6rt\u00e9n\u0151 iv\u00f3k\u00fara<\/strong>. A vil\u00e1ganal\u00f3gok szerint a Thermal-Star szivatty\u00fah\u00e1z \u00e1sv\u00e1nyvize \u00f6sszet\u00e9tel\u00e9ben hasonl\u00f3 a Mondor \u00fcd\u00fcl\u0151hely (Franciaorsz\u00e1g) kovasavas \u00e1sv\u00e1nyviz\u00e9hez, ahol sikeresen haszn\u00e1lj\u00e1k k\u00fcl\u00f6nf\u00e9le kezel\u00e9sekben, \u00e9s nagy a kereslet ir\u00e1nta.<\/p>\n<p>A Thermal-Star szanat\u00f3rium kovasavas \u00e1sv\u00e1nyvize mind megel\u0151z\u0151 c\u00e9lokra, mind kezel\u00e9si k\u00far\u00e1kban iv\u00f3v\u00edzk\u00e9nt haszn\u00e1lhat\u00f3.<\/p>\n<p><strong>\u00c1sv\u00e1nyviz\u00fcnk fogyaszt\u00e1sa hozz\u00e1j\u00e1rul:<\/strong><\/p>\n<ul>\n<li>a gyomor funkcion\u00e1lis \u00e1llapot\u00e1nak normaliz\u00e1l\u00e1sa;<\/li>\n<li>az epe \u00e9s a hasny\u00e1lmirigy v\u00e1lad\u00e9k\u00e1nak ki\u00e1raml\u00e1s\u00e1nak jav\u00edt\u00e1sa;<\/li>\n<li>pozit\u00edv hat\u00e1ssal van a b\u00e9l perisztaltik\u00e1j\u00e1ra;<\/li>\n<li>a ves\u00e9kben a sz\u0171r\u00e9s fokoz\u00e1sa \u00e9s a homok \u00e9s a gyullad\u00e1sos t\u00f6rmel\u00e9k kiv\u00e1laszt\u00e1s\u00e1nak jav\u00edt\u00e1sa;<\/li>\n<li>a szervezetben zajl\u00f3 anyagcsere-folyamatok normaliz\u00e1l\u00e1sa.<\/li>\n<\/ul>\n<p>A Thermal-Star szanat\u00f3rium \u00e9s gy\u00f3gyf\u00fcrd\u0151 ter\u00fclet\u00e9n orvosaink \u00e1ltal helyesen kiv\u00e1lasztott, egy\u00e9ni \u00e1sv\u00e1nyv\u00edzfogyaszt\u00e1si rend pedig tart\u00f3s k\u00e9nyelmet \u00e9s j\u00f3 eg\u00e9szs\u00e9get biztos\u00edt \u00d6nnek.<\/p>\n\n\t\t<\/div>\n\t<\/div>\n<\/div><\/div><\/div><div class=\"wpb_column vc_column_container vc_col-sm-4\"><div class=\"vc_column-inner\"><div class=\"wpb_wrapper\">\n\t<div  class=\"wpb_single_image wpb_content_element vc_align_left\">\n\t\t\n\t\t<figure class=\"wpb_wrapper vc_figure\">\n\t\t\t<div class=\"vc_single_image-wrapper   vc_box_border_grey\"><img loading=\"lazy\" decoding=\"async\" width=\"828\" height=\"992\" src=\"https:\/\/termal-star.com\/wp-content\/uploads\/2021\/05\/kurs-pytnoho-likuvannia-tsiliushchoiu-kremenystoiu-mineralnoiu-vodoiu.jpg\" class=\"vc_single_image-img attachment-full\" alt=\"gy\u00f3gy\u00edt\u00f3 kovasavas \u00e1sv\u00e1nyv\u00edzzel t\u00f6rt\u00e9n\u0151 iv\u00f3k\u00fara\" title=\"gy\u00f3gy\u00edt\u00f3 kovasavas \u00e1sv\u00e1nyv\u00edzzel t\u00f6rt\u00e9n\u0151 iv\u00f3k\u00fara\" srcset=\"https:\/\/termal-star.com\/wp-content\/uploads\/2021\/05\/kurs-pytnoho-likuvannia-tsiliushchoiu-kremenystoiu-mineralnoiu-vodoiu.jpg 828w, https:\/\/termal-star.com\/wp-content\/uploads\/2021\/05\/kurs-pytnoho-likuvannia-tsiliushchoiu-kremenystoiu-mineralnoiu-vodoiu-250x300.jpg 250w, https:\/\/termal-star.com\/wp-content\/uploads\/2021\/05\/kurs-pytnoho-likuvannia-tsiliushchoiu-kremenystoiu-mineralnoiu-vodoiu-768x920.jpg 768w\" sizes=\"auto, (max-width: 828px) 100vw, 828px\"  data-dt-location=\"https:\/\/termal-star.com\/hu\/kurs-pytnoho-likuvannia-tsiliushchoiu-kremenystoiu-mineralnoiu-vodoiu\/kurs-pytnoho-likuvannia-tsiliushchoiu-kremenystoiu-mineralnoiu-vodoiu\/\" \/><\/div>\n\t\t<\/figure>\n\t<\/div>\n<\/div><\/div><\/div><\/div>\n<\/div>","protected":false},"excerpt":{"rendered":"<p>\u0417\u0430\u0433\u0430\u043b\u044c\u043d\u0430 \u0445\u0430\u0440\u0430\u043a\u0442\u0435\u0440\u0438\u0441\u0442\u0438\u043a\u0430 \u0431\u0430\u043b\u044c\u043d\u0435\u043e\u043b\u043e\u0433\u0456\u0447\u043d\u0438\u0445 \u0456 \u043a\u043b\u0456\u043c\u0430\u0442\u0438\u0447\u043d\u0438\u0445 \u0444\u0430\u043a\u0442\u043e\u0440\u0456\u0432 \u0441\u0430\u043d\u0430\u0442\u043e\u0440\u043d\u043e\u0433\u043e \u043a\u043e\u043c\u043f\u043b\u0435\u043a\u0441\u0443 \u00ab\u0422\u0435\u0440\u043c\u0430\u043b \u0421\u0442\u0430\u0440\u00bb \u0411\u0430\u043b\u044c\u043d\u0435\u043e\u043b\u043e\u0433\u0456\u0447\u043d\u0456 \u0444\u0430\u043a\u0442\u043e\u0440\u0438 \u043c\u0456\u043d\u0435\u0440\u0430\u043b\u044c\u043d\u043e\u0457 \u0432\u043e\u0434\u0438 \u0434\u043b\u044f \u0432\u043d\u0443\u0442\u0440\u0456\u0448\u043d\u044c\u043e\u0433\u043e \u0456 \u0437\u043e\u0432\u043d\u0456\u0448\u043d\u044c\u043e\u0433\u043e \u0437\u0430\u0441\u0442\u043e\u0441\u0443\u0432\u0430\u043d\u043d\u044f: \u0422\u0435\u0440\u043c\u0430\u043b\u044c\u043d\u0430 \u043c\u0456\u043d\u0435\u0440\u0430\u043b\u044c\u043d\u0430 \u0432\u043e\u0434\u0430 \u0441\u0432\u0435\u0440\u0434\u043b\u043e\u0432\u0438\u043d\u0438 \u2116 32-\u0422 \u0441. \u041d\u0438\u0436\u043d\u0454 \u0421\u043e\u043b\u043e\u0442\u0432\u0438\u043d\u043e \u043a\u0443\u0440\u043e\u0440\u0442\u043d\u043e\u0457 \u0437\u043e\u043d\u0438: \u2013 \u0432\u0443\u0433\u043b\u0435\u043a\u0438\u0441\u043b\u0430, \u0432\u0438\u0441\u043e\u043a\u043e\u043a\u0440\u0435\u043c\u043d\u0456\u0435\u0432\u0430, \u0432\u0438\u0441\u043e\u043a\u043e\u043c\u0456\u043d\u0435\u0440\u0430\u043b\u0456\u0437\u043e\u0432\u0430\u043d\u0430 \u0445\u043b\u043e\u0440\u0438\u0434\u043d\u043e-\u043d\u0430\u0442\u0440\u0456\u0454\u0432\u0430 \u0441\u043b\u0430\u0431\u043e\u043a\u0438\u0441\u043b\u0430 \u0442\u0435\u0440\u043c\u0430\u043b\u044c\u043d\u0430 \u0432\u043e\u0434\u0430, \u0442\u0438\u043f\u0443 \u0412\u0456\u0437\u0431\u0430\u0434\u0435\u043d (\u041d\u0456\u043c\u0435\u0447\u0447\u0438\u043d\u0430) &#8211; \u0437\u0430 \u0432\u0438\u0441\u043d\u043e\u0432\u043a\u043e\u043c \u0423\u043a\u0440\u0430\u0457\u043d\u0441\u044c\u043a\u043e\u0433\u043e \u041d\u0414\u0406 \u043c\u0435\u0434\u0438\u0447\u043d\u043e\u0457 \u0440\u0435\u0430\u0431\u0456\u043b\u0456\u0442\u0430\u0446\u0456\u0457 \u0442\u0430 \u043a\u0443\u0440\u043e\u0440\u0442\u043e\u043b\u043e\u0433\u0456\u0457 \u0434\u0430\u043d\u0430 \u0432\u043e\u0434\u0430 \u0454 \u043c\u0456\u043d\u0435\u0440\u0430\u043b\u044c\u043d\u043e\u044e \u043b\u0456\u043a\u0443\u0432\u0430\u043b\u044c\u043d\u043e\u044e&hellip;<\/p>","protected":false},"author":1,"featured_media":0,"parent":708,"menu_order":0,"comment_status":"closed","ping_status":"closed","template":"","meta":{"footnotes":""},"class_list":["post-1272","page","type-page","status-publish","hentry","description-off"],"_links":{"self":[{"href":"https:\/\/termal-star.com\/hu\/wp-json\/wp\/v2\/pages\/1272","targetHints":{"allow":["GET"]}}],"collection":[{"href":"https:\/\/termal-star.com\/hu\/wp-json\/wp\/v2\/pages"}],"about":[{"href":"https:\/\/termal-star.com\/hu\/wp-json\/wp\/v2\/types\/page"}],"author":[{"embeddable":true,"href":"https:\/\/termal-star.com\/hu\/wp-json\/wp\/v2\/users\/1"}],"replies":[{"embeddable":true,"href":"https:\/\/termal-star.com\/hu\/wp-json\/wp\/v2\/comments?post=1272"}],"version-history":[{"count":4,"href":"https:\/\/termal-star.com\/hu\/wp-json\/wp\/v2\/pages\/1272\/revisions"}],"predecessor-version":[{"id":1789,"href":"https:\/\/termal-star.com\/hu\/wp-json\/wp\/v2\/pages\/1272\/revisions\/1789"}],"up":[{"embeddable":true,"href":"https:\/\/termal-star.com\/hu\/wp-json\/wp\/v2\/pages\/708"}],"wp:attachment":[{"href":"https:\/\/termal-star.com\/hu\/wp-json\/wp\/v2\/media?parent=1272"}],"curies":[{"name":"wp","href":"https:\/\/api.w.org\/{rel}","templated":true}]}}