{"id":706,"date":"2019-12-24T06:15:45","date_gmt":"2019-12-24T06:15:45","guid":{"rendered":"https:\/\/termal-star.com\/?page_id=706"},"modified":"2021-06-23T05:48:10","modified_gmt":"2021-06-23T05:48:10","slug":"sport","status":"publish","type":"page","link":"https:\/\/termal-star.com\/hu\/sport\/","title":{"rendered":"Sport"},"content":{"rendered":"<div class=\"wpb-content-wrapper\"><div class=\"vc_row wpb_row vc_row-fluid\"><div class=\"wpb_column vc_column_container vc_col-sm-12\"><div class=\"vc_column-inner\"><div class=\"wpb_wrapper\">\n\t<div class=\"wpb_text_column wpb_content_element\" >\n\t\t<div class=\"wpb_wrapper\">\n\t\t\t<p>A Thermal-Star sportk\u00f6zpont egy egyed\u00fcl\u00e1ll\u00f3 komplexum, amely \u00f6tv\u00f6zi a legjobb vid\u00e9ki nyaral\u00e1st, a k\u00e1rp\u00e1taljai kezel\u00e9seket \u00e9s a sportot. A modern &quot;Thermal-Star&quot; sportk\u00f6zpontban minden megtal\u00e1lhat\u00f3, amire sz\u00fcks\u00e9ge lehet sportt\u00e1borok, konferenci\u00e1k \u00e9s szemin\u00e1riumok lebonyol\u00edt\u00e1s\u00e1hoz.<\/p>\n<p>A sportl\u00e9tes\u00edtm\u00e9nyeket eur\u00f3pai technol\u00f3gi\u00e1k felhaszn\u00e1l\u00e1s\u00e1val \u00e9p\u00edtik, amelyek lehet\u0151v\u00e9 teszik a professzion\u00e1lis szint\u0171 sportol\u00e1st. A Thermal Star sportk\u00f6zpont sportfelszerel\u00e9seivel t\u00f6k\u00e9letes egy\u00e9ni \u00e9s csapatedz\u00e9sekhez.<\/p>\n<p>A b\u00e1zis lehet\u0151v\u00e9 teszi a sportcsapatok hossz\u00fa t\u00e1v\u00fa tart\u00f3zkod\u00e1s\u00e1t \u00e9s edz\u00e9s\u00e9t.<\/p>\n<p>A Thermal-Star szanat\u00f3rium K\u00e1rp\u00e1talj\u00e1n tal\u00e1lhat\u00f3, Ungv\u00e1r v\u00e1ros\u00e1t\u00f3l 12, Munk\u00e1cs v\u00e1ros\u00e1t\u00f3l pedig 35 kilom\u00e9terre, a K\u00e1rp\u00e1tok fest\u0151i vid\u00e9k\u00e9n, egy t\u00f3 partj\u00e1n, hegyi erd\u0151kkel k\u00f6r\u00fclv\u00e9ve.<\/p>\n\n\t\t<\/div>\n\t<\/div>\n\n\t<div class=\"wpb_text_column wpb_content_element  table-in-text\" >\n\t\t<div class=\"wpb_wrapper\">\n\t\t\t<h2 id=\"tablepress-7-name\" class=\"tablepress-table-name tablepress-table-name-id-7\">Aj\u00e1nlat sportcsapatoknak<\/h2>\n\n<table id=\"tablepress-7\" class=\"tablepress tablepress-id-7\" aria-labelledby=\"tablepress-7-name\" aria-describedby=\"tablepress-7-description\">\n<thead>\n<tr class=\"row-1\">\n\t<th class=\"column-1\">Szolg\u00e1ltat\u00e1s neve (\u00e1r\/f\u0151\/nap)\t<\/th><th class=\"column-2\">\u00c1r hrivny\u00e1ban, \u00c1FA-val egy\u00fctt<\/th>\n<\/tr>\n<\/thead>\n<tbody class=\"row-striping row-hover\">\n<tr class=\"row-2\">\n\t<td class=\"column-1\">Utalv\u00e1ny (egy\u00e1gyas szoba &quot;Standard&quot;)* (\u00e1r 1 f\u0151re \/ nap)<\/td><td class=\"column-2\">3500<\/td>\n<\/tr>\n<tr class=\"row-3\">\n\t<td class=\"column-1\">Utalv\u00e1ny (k\u00e9t\u00e1gyas szoba &quot;Standard&quot;)* (\u00e1r 1 f\u0151re \/ nap)<\/td><td class=\"column-2\">3000<\/td>\n<\/tr>\n<\/tbody>\n<\/table>\n<span id=\"tablepress-7-description\" class=\"tablepress-table-description tablepress-table-description-id-7\">* az \u00e1r tartalmazza: sz\u00e1ll\u00e1st, napi h\u00e1romszori \u00e9tkez\u00e9st, term\u00e1lmedence haszn\u00e1lat\u00e1t, sportp\u00e1lya haszn\u00e1lati d\u00edj\u00e1t, <br \/>\nj\u00e1t\u00e9kosfelszerel\u00e9sek (p\u00f3l\u00f3, r\u00f6vidnadr\u00e1g, zokni) mos\u00e1sa<br \/>\n* sportp\u00e1lya vil\u00e1g\u00edt\u00e1sa \u2013 hi\u00e1nyzik<br \/>\n* az \u00e1r nem tartalmazza: a sportp\u00e1lya h\u00f3mentes\u00edt\u00e9s\u00e9t<br \/>\n<\/span>\n<!-- #tablepress-7 from cache -->\n\n\t\t<\/div>\n\t<\/div>\n<div class=\"vc_row wpb_row vc_inner vc_row-fluid\"><div class=\"wpb_column vc_column_container vc_col-sm-6\"><div class=\"vc_column-inner\"><div class=\"wpb_wrapper\"><div id=\"ultimate-heading-641069e914c62348d\" class=\"uvc-heading ult-adjust-bottom-margin ultimate-heading-641069e914c62348d uvc-535\" data-hspacer=\"no_spacer\"  data-halign=\"left\" style=\"text-align:left\"><div class=\"uvc-heading-spacer no_spacer\" style=\"top\"><\/div><div class=\"uvc-main-heading ult-responsive\"  data-ultimate-target='.uvc-heading.ultimate-heading-641069e914c62348d h2'  data-responsive-json-new='{\"font-size\":\"desktop:30px;mobile_landscape:25px;\",\"line-height\":\"desktop:35px;mobile_landscape:30px;\"}' ><h2 style=\"font-family:&#039;Playfair Display&#039;;font-weight:700;margin-bottom:25px;\">Lak\u00f3hely<\/h2><\/div><\/div>\n\t<div class=\"wpb_text_column wpb_content_element\" >\n\t\t<div class=\"wpb_wrapper\">\n\t\t\t<p>A Thermal-Star szanat\u00f3rium ma sportutalv\u00e1ny v\u00e1s\u00e1rl\u00e1s\u00e1ra v\u00e1gy\u00f3 \u00fcgyfelei sz\u00e1m\u00e1ra sz\u00e1ll\u00e1st k\u00edn\u00e1l k\u00e9nyelmes, egyszob\u00e1s, 25 m\u00b2-es standard szob\u00e1kban, amelyek a f\u0151\u00e9p\u00fcletben vagy fah\u00e1zakban tal\u00e1lhat\u00f3k.<\/p>\n<p>Minden szoba ebben a kateg\u00f3ri\u00e1ban egyedileg szab\u00e1lyozhat\u00f3 l\u00e9gkondicion\u00e1l\u00f3val, elektronikus z\u00e1rral, telefonnal, mini sz\u00e9ffel, h\u0171t\u0151szekr\u00e9nnyel, TV-vel, WI-FI-vel, f\u00fcrd\u0151k\u00f6pennyel \u00e9s f\u00fcrd\u0151szob\u00e1val (zuhanyz\u00f3, hajsz\u00e1r\u00edt\u00f3, t\u00f6r\u00f6lk\u00f6z\u0151k) felszerelt.<\/p>\n\n\t\t<\/div>\n\t<\/div>\n<\/div><\/div><\/div><div class=\"wpb_column vc_column_container vc_col-sm-6\"><div class=\"vc_column-inner\"><div class=\"wpb_wrapper\"><div id=\"ultimate-heading-81469e914c623978\" class=\"uvc-heading ult-adjust-bottom-margin ultimate-heading-81469e914c623978 uvc-3244\" data-hspacer=\"no_spacer\"  data-halign=\"left\" style=\"text-align:left\"><div class=\"uvc-heading-spacer no_spacer\" style=\"top\"><\/div><div class=\"uvc-main-heading ult-responsive\"  data-ultimate-target='.uvc-heading.ultimate-heading-81469e914c623978 h2'  data-responsive-json-new='{\"font-size\":\"desktop:30px;mobile_landscape:25px;\",\"line-height\":\"desktop:35px;mobile_landscape:30px;\"}' ><h2 style=\"font-family:&#039;Playfair Display&#039;;font-weight:700;margin-bottom:25px;\">\u00c9lelmiszer<\/h2><\/div><\/div>\n\t<div class=\"wpb_text_column wpb_content_element\" >\n\t\t<div class=\"wpb_wrapper\">\n\t\t\t<div class=\"post_content\">\n<div class=\"large-12 columns\">\n<ul>\n<li>Napi 3 \u00e9tkez\u00e9s k\u00e9t-h\u00e1rom mintamen\u00fc rendszer\u00e9ben;<\/li>\n<li>ter\u00e1pi\u00e1s t\u00e1pl\u00e1lkoz\u00e1s di\u00e9t\u00e1val lehets\u00e9ges;<\/li>\n<li>T\u00e1pl\u00e1lkoz\u00e1si korrekci\u00f3 orvos fel\u00fcgyelete mellett.<\/li>\n<\/ul>\n<\/div>\n<\/div>\n\n\t\t<\/div>\n\t<\/div>\n<\/div><\/div><\/div><\/div><div id=\"ultimate-heading-61969e914c623c56\" class=\"uvc-heading ult-adjust-bottom-margin ultimate-heading-61969e914c623c56 uvc-4601\" data-hspacer=\"no_spacer\"  data-halign=\"left\" style=\"text-align:left\"><div class=\"uvc-heading-spacer no_spacer\" style=\"top\"><\/div><div class=\"uvc-main-heading ult-responsive\"  data-ultimate-target='.uvc-heading.ultimate-heading-61969e914c623c56 h2'  data-responsive-json-new='{\"font-size\":\"desktop:30px;mobile_landscape:25px;\",\"line-height\":\"desktop:35px;mobile_landscape:30px;\"}' ><h2 style=\"font-family:&#039;Playfair Display&#039;;font-weight:700;margin-bottom:25px;\">Sportinfrastrukt\u00fara<\/h2><\/div><\/div>\n\t<div class=\"wpb_text_column wpb_content_element\" >\n\t\t<div class=\"wpb_wrapper\">\n\t\t\t<ul>\n<li><strong>M\u0171f\u00fcves futballp\u00e1lya: <\/strong>M\u00e9retek vonalt\u00f3l vonalig 102,00 m. 58,00 m\u00e9teren. A LIMONTA SPORTS tang\u00f3 gyepfel\u00fclete a legmagasabb szint\u0171 term\u00e9szetes gyephez hasonl\u00f3 j\u00e1t\u00e9k\u00e9lm\u00e9nyt garant\u00e1l. A fibrill\u00e1lt \u00e9s monofil fonal kombin\u00e1ci\u00f3ja a term\u00e9szetes gyep maxim\u00e1lis \u00e9rzet\u00e9t ny\u00fajtja, \u00e9s lehet\u0151v\u00e9 teszi a 24 \u00f3r\u00e1s m\u0171k\u00f6d\u00e9st az \u00e9vszakt\u00f3l \u00e9s az \u00e9ghajlatt\u00f3l f\u00fcggetlen\u00fcl. FIFA min\u0151s\u00e9gi koncepci\u00f3. (FIFA Preferred Manufacturer Concept) kimondja, hogy a FIFA Preferred Manufacturer \u00e1ltal gy\u00e1rtott \u00e9s telep\u00edtett m\u0171f\u00fcves futballp\u00e1ly\u00e1k garant\u00e1ltan megfelelnek a FIFA \u00e1ltal meghat\u00e1rozott \u00e9s ellen\u0151rz\u00f6tt magas szabv\u00e1nyoknak \u00e9s k\u00f6vetelm\u00e9nyeknek.<\/li>\n<li><strong>M\u0171f\u00fcves minifutballp\u00e1lya: <\/strong>M\u00e9retek vonalt\u00f3l vonalig 17,20 m x 42,50 m.<\/li>\n<li><strong>M\u0171f\u00fcves teniszp\u00e1lya: <\/strong>Sorok k\u00f6z\u00f6tti m\u00e9retek 20 x 40.<\/li>\n<li><strong>Fedett medence enyh\u00e9n \u00e1sv\u00e1nyi anyagokkal d\u00fas\u00edtott v\u00edzzel;<\/strong><\/li>\n<li><strong>Fedett medence term\u00e1lv\u00edzzel;<\/strong><\/li>\n<li><strong>Fitneszterem;<\/strong><\/li>\n<li><strong>Ny\u00e1ri j\u00e1tsz\u00f3terek fitneszeszk\u00f6z\u00f6kkel.<\/strong><\/li>\n<\/ul>\n<div id=\"gtx-trans\" style=\"position: absolute; left: 34px; top: 276px;\">\n<div class=\"gtx-trans-icon\"><\/div>\n<\/div>\n\n\t\t<\/div>\n\t<\/div>\n<div id=\"ultimate-heading-110869e914c623ecf\" class=\"uvc-heading ult-adjust-bottom-margin ultimate-heading-110869e914c623ecf uvc-3387\" data-hspacer=\"no_spacer\"  data-halign=\"left\" style=\"text-align:left\"><div class=\"uvc-heading-spacer no_spacer\" style=\"top\"><\/div><div class=\"uvc-main-heading ult-responsive\"  data-ultimate-target='.uvc-heading.ultimate-heading-110869e914c623ecf h2'  data-responsive-json-new='{\"font-size\":\"desktop:30px;mobile_landscape:25px;\",\"line-height\":\"desktop:35px;mobile_landscape:30px;\"}' ><h2 style=\"font-family:&#039;Playfair Display&#039;;font-weight:700;margin-bottom:25px;\">Infrastrukt\u00fara<\/h2><\/div><\/div>\n\t<div class=\"wpb_text_column wpb_content_element\" >\n\t\t<div class=\"wpb_wrapper\">\n\t\t\t<ul>\n<li>A balneol\u00f3giai oszt\u00e1ly term\u00e1lmedenc\u00e9vel, f\u00fcrd\u0151kkel (gy\u00f6ngy, sz\u00e9n-dioxid, pezsg\u0151f\u00fcrd\u0151), hidromassz\u00e1zs f\u00fcrd\u0151kkel, v\u00edz alatti massz\u00e1zsf\u00fcrd\u0151kkel, valamint fizioter\u00e1pi\u00e1s szob\u00e1kkal, termoter\u00e1pi\u00e1s szob\u00e1kkal, massz\u00e1zsszob\u00e1kkal, kozmetikai szob\u00e1val, modern laborat\u00f3riummal \u00e9s alacsony \u00e1sv\u00e1nyianyag-tartalm\u00fa v\u00edzzel ell\u00e1tott szivatty\u00fah\u00e1zzal van felszerelve.<\/li>\n<li>K\u00e9t \u00e9tkez\u0151 a f\u0151\u00e9p\u00fcletben;<\/li>\n<li>F\u00fcrd\u0151k\u00e1d \u00e9s k\u00e1d;<\/li>\n<li>\u201eSPA komplexum\u201d, ahol a vend\u00e9gek \u00e9lvezhetik a nagy fedett \u00fasz\u00f3medenc\u00e9t, szaun\u00e1t \u00e9s hammamot;<\/li>\n<li>R\u00f6plabdap\u00e1lya, tollaslabda, minigolf, j\u00e1tsz\u00f3terek, bowling;<\/li>\n<li>Ker\u00e9kp\u00e1rk\u00f6lcs\u00f6nz\u00e9s;<\/li>\n<li>K\u00f6nyvt\u00e1r;<\/li>\n<li>Mosodai szolg\u00e1ltat\u00e1sok;<\/li>\n<li>Aj\u00e1nd\u00e9kbolt;<\/li>\n<li>110 f\u0151s konferenciaterem;<\/li>\n<li>15 f\u0151s t\u00e1rgyal\u00f3terem;<\/li>\n<li>45 f\u0151 befogad\u00e1s\u00e1ra alkalmas bankett-terem.<\/li>\n<\/ul>\n\n\t\t<\/div>\n\t<\/div>\n<\/div><\/div><\/div><\/div><div class=\"vc_row wpb_row vc_row-fluid\"><div class=\"wpb_column vc_column_container vc_col-sm-6\"><div class=\"vc_column-inner\"><div class=\"wpb_wrapper\">\n\t<div class=\"wpb_video_widget wpb_content_element vc_clearfix   vc_video-aspect-ratio-169 vc_video-el-width-100 vc_video-align-left\" >\n\t\t<div class=\"wpb_wrapper\">\n\t\t\t\n\t\t\t<div class=\"wpb_video_wrapper\"><iframe loading=\"lazy\" title=\"Az FC &quot;Hoverla&quot; edz\u00e9se Ungv\u00e1ron\" width=\"1200\" height=\"675\" src=\"https:\/\/www.youtube.com\/embed\/9Reu0pegQFU?feature=oembed\" frameborder=\"0\" allow=\"accelerometer; autoplay; encrypted-media; gyroscope; picture-in-picture\" allowfullscreen><\/iframe><\/div>\n\t\t<\/div>\n\t<\/div>\n<\/div><\/div><\/div><div class=\"wpb_column vc_column_container vc_col-sm-6\"><div class=\"vc_column-inner\"><div class=\"wpb_wrapper\">\n\t<div class=\"wpb_video_widget wpb_content_element vc_clearfix   vc_video-aspect-ratio-169 vc_video-el-width-100 vc_video-align-left\" >\n\t\t<div class=\"wpb_wrapper\">\n\t\t\t\n\t\t\t<div class=\"wpb_video_wrapper\"><iframe loading=\"lazy\" title=\"Az FC &quot;Karpaty&quot; edz\u00e9se Munk\u00e1cson\" width=\"1200\" height=\"675\" src=\"https:\/\/www.youtube.com\/embed\/LiAduK4OdDA?feature=oembed\" frameborder=\"0\" allow=\"accelerometer; autoplay; encrypted-media; gyroscope; picture-in-picture\" allowfullscreen><\/iframe><\/div>\n\t\t<\/div>\n\t<\/div>\n<\/div><\/div><\/div><\/div>\n<\/div>","protected":false},"excerpt":{"rendered":"<p>\u0421\u043f\u043e\u0440\u0442\u0438\u0432\u043d\u0430 \u0431\u0430\u0437\u0430 \u00ab\u0422\u0435\u0440\u043c\u0430\u043b-\u0421\u0442\u0430\u0440\u00bb \u0454 \u0443\u043d\u0456\u043a\u0430\u043b\u044c\u043d\u0438\u043c \u043a\u043e\u043c\u043f\u043b\u0435\u043a\u0441\u043e\u043c, \u0449\u043e \u043f\u043e\u0454\u0434\u043d\u0443\u0454 \u0432 \u0441\u043e\u0431\u0456 \u043c\u043e\u0436\u043b\u0438\u0432\u0456\u0441\u0442\u044c \u043a\u0440\u0430\u0449\u043e\u0433\u043e \u0437\u0430\u043c\u0456\u0441\u044c\u043a\u043e\u0433\u043e \u0432\u0456\u0434\u043f\u043e\u0447\u0438\u043d\u043a\u0443, \u043b\u0456\u043a\u0443\u0432\u0430\u043d\u043d\u044f \u043d\u0430 \u0417\u0430\u043a\u0430\u0440\u043f\u0430\u0442\u0442\u0456 \u0442\u0430 \u0437\u0430\u043d\u044f\u0442\u0442\u044f \u0441\u043f\u043e\u0440\u0442\u043e\u043c. \u0421\u0443\u0447\u0430\u0441\u043d\u0430 \u0441\u043f\u043e\u0440\u0442\u0438\u0432\u043d\u0430 \u0431\u0430\u0437\u0430 \u00ab\u0422\u0435\u0440\u043c\u0430\u043b-\u0421\u0442\u0430\u0440\u00bb \u043c\u0430\u0454 \u0432\u0441\u0435 \u043d\u0435\u043e\u0431\u0445\u0456\u0434\u043d\u0435 \u0434\u043b\u044f \u043f\u0440\u043e\u0432\u0435\u0434\u0435\u043d\u043d\u044f \u0441\u043f\u043e\u0440\u0442\u0438\u0432\u043d\u0438\u0445 \u0437\u0431\u043e\u0440\u0456\u0432, \u043a\u043e\u043d\u0444\u0435\u0440\u0435\u043d\u0446\u0456\u0439 \u0456 \u0441\u0435\u043c\u0456\u043d\u0430\u0440\u0456\u0432. \u0421\u043f\u043e\u0440\u0442\u0438\u0432\u043d\u0456 \u043e\u0431&#8217;\u0454\u043a\u0442\u0438 \u043f\u043e\u0431\u0443\u0434\u043e\u0432\u0430\u043d\u0456 \u0437\u0430 \u0454\u0432\u0440\u043e\u043f\u0435\u0439\u0441\u044c\u043a\u0438\u043c\u0438 \u0442\u0435\u0445\u043d\u043e\u043b\u043e\u0433\u0456\u044f\u043c\u0438, \u0449\u043e \u0434\u043e\u0437\u0432\u043e\u043b\u044f\u0454 \u0437\u0430\u0439\u043c\u0430\u0442\u0438\u0441\u044f \u0441\u043f\u043e\u0440\u0442\u043e\u043c \u043d\u0430 \u043f\u0440\u043e\u0444\u0435\u0441\u0456\u0439\u043d\u043e\u043c\u0443 \u0440\u0456\u0432\u043d\u0456. \u0421\u043f\u043e\u0440\u0442\u0438\u0432\u043d\u0430 \u0431\u0430\u0437\u0430 \u0422\u0435\u0440\u043c\u0430\u043b \u0421\u0442\u0430\u0440 \u0437 \u0457\u0457 \u0441\u043f\u043e\u0440\u0442\u0438\u0432\u043d\u0438\u043c \u043e\u0441\u043d\u0430\u0449\u0435\u043d\u043d\u044f\u043c&hellip;<\/p>","protected":false},"author":1,"featured_media":0,"parent":0,"menu_order":0,"comment_status":"closed","ping_status":"closed","template":"","meta":{"footnotes":""},"class_list":["post-706","page","type-page","status-publish","hentry","description-off"],"_links":{"self":[{"href":"https:\/\/termal-star.com\/hu\/wp-json\/wp\/v2\/pages\/706","targetHints":{"allow":["GET"]}}],"collection":[{"href":"https:\/\/termal-star.com\/hu\/wp-json\/wp\/v2\/pages"}],"about":[{"href":"https:\/\/termal-star.com\/hu\/wp-json\/wp\/v2\/types\/page"}],"author":[{"embeddable":true,"href":"https:\/\/termal-star.com\/hu\/wp-json\/wp\/v2\/users\/1"}],"replies":[{"embeddable":true,"href":"https:\/\/termal-star.com\/hu\/wp-json\/wp\/v2\/comments?post=706"}],"version-history":[{"count":20,"href":"https:\/\/termal-star.com\/hu\/wp-json\/wp\/v2\/pages\/706\/revisions"}],"predecessor-version":[{"id":1807,"href":"https:\/\/termal-star.com\/hu\/wp-json\/wp\/v2\/pages\/706\/revisions\/1807"}],"wp:attachment":[{"href":"https:\/\/termal-star.com\/hu\/wp-json\/wp\/v2\/media?parent=706"}],"curies":[{"name":"wp","href":"https:\/\/api.w.org\/{rel}","templated":true}]}}