{"id":983,"date":"2020-01-10T07:46:48","date_gmt":"2020-01-10T07:46:48","guid":{"rendered":"https:\/\/termal-star.com\/?page_id=983"},"modified":"2020-03-14T09:43:04","modified_gmt":"2020-03-14T09:43:04","slug":"profil","status":"publish","type":"page","link":"https:\/\/termal-star.com\/hu\/medicine\/profil\/","title":{"rendered":"Profil"},"content":{"rendered":"<div class=\"wpb-content-wrapper\"><div class=\"vc_row wpb_row vc_row-fluid\"><div class=\"wpb_column vc_column_container vc_col-sm-12\"><div class=\"vc_column-inner\"><div class=\"wpb_wrapper\"><div id=\"ultimate-heading-214169e9166a4aeb1\" class=\"uvc-heading ult-adjust-bottom-margin ultimate-heading-214169e9166a4aeb1 uvc-6264\" data-hspacer=\"no_spacer\"  data-halign=\"left\" style=\"text-align:left\"><div class=\"uvc-heading-spacer no_spacer\" style=\"top\"><\/div><div class=\"uvc-main-heading ult-responsive\"  data-ultimate-target='.uvc-heading.ultimate-heading-214169e9166a4aeb1 h2'  data-responsive-json-new='{\"font-size\":\"desktop:30px;mobile_landscape:25px;\",\"line-height\":\"desktop:35px;mobile_landscape:30px;\"}' ><h2 style=\"font-family:&#039;Playfair Display&#039;;font-weight:700;margin-bottom:25px;\">Orvosi javallatok:<\/h2><\/div><\/div>\n\t<div class=\"wpb_text_column wpb_content_element\" >\n\t\t<div class=\"wpb_wrapper\">\n\t\t\t<p><img loading=\"lazy\" decoding=\"async\" class=\"alignleft wp-image-1048 size-medium\" src=\"https:\/\/termal-star.com\/wp-content\/uploads\/2020\/01\/basein-2-300x193.jpg\" alt=\"Term\u00e1lmedence\" width=\"300\" height=\"193\" srcset=\"https:\/\/termal-star.com\/wp-content\/uploads\/2020\/01\/basein-2-300x193.jpg 300w, https:\/\/termal-star.com\/wp-content\/uploads\/2020\/01\/basein-2.jpg 700w\" sizes=\"auto, (max-width: 300px) 100vw, 300px\" \/><\/p>\n<p>A &quot;Thermal-Star&quot; szanat\u00f3rium \u00e9s eg\u00e9szs\u00e9g\u00fcgyi komplexum term\u00e1lvizekre \u00e9p\u00fcl, amelyek domin\u00e1ns elemei a szil\u00edcium \u00e9s a vas. Ez\u00e9rt a balneol\u00f3giai elj\u00e1r\u00e1sok egyed\u00fcl\u00e1ll\u00f3ak, mivel a kezel\u00e9s alapj\u00e1t pontosan ezek k\u00e9pezik - K\u00e1rp\u00e1talja term\u00e9szetes, magas szil\u00edciumtartalm\u00fa, \u00e1sv\u00e1nyi s\u00f3kban gazdag, gy\u00f3gy\u00edt\u00f3 tulajdons\u00e1gaikr\u00f3l m\u00e1r az \u00f3kort\u00f3l ismert term\u00e1lvizei. A v\u00edz, a modern berendez\u00e9sekkel \u00e9s technol\u00f3gi\u00e1kkal kombin\u00e1lva, az eg\u00e9sz orvosi \u00e9s eg\u00e9szs\u00e9gjav\u00edt\u00f3 folyamat alapja. C\u00e9lunk az \u00d6n pihen\u00e9se \u00e9s ellazul\u00e1sa!<\/p>\n<p>A Thermal-Star kezel\u00e9si indik\u00e1ci\u00f3i k\u00f6z\u00e9 tartoznak a mozg\u00e1sszervi \u00e9s a perif\u00e9ri\u00e1s idegrendszer betegs\u00e9gei, a b\u0151rbetegs\u00e9gek, valamint a sz\u00edv- \u00e9s \u00e9rrendszer, az em\u00e9szt\u0151rendszer \u00e9s az urogenit\u00e1lis rendszer funkcion\u00e1lis betegs\u00e9gei, az \u00e1ltal\u00e1nos vitalit\u00e1scs\u00f6kken\u00e9s \u00e9s a pszicho-emocion\u00e1lis zavarok.<\/p>\n\n\t\t<\/div>\n\t<\/div>\n<\/div><\/div><\/div><\/div><div class=\"vc_row wpb_row vc_row-fluid\"><div class=\"wpb_column vc_column_container vc_col-sm-12\"><div class=\"vc_column-inner\"><div class=\"wpb_wrapper\"><div id=\"ultimate-heading-509469e9166a4bbdc\" class=\"uvc-heading ult-adjust-bottom-margin ultimate-heading-509469e9166a4bbdc uvc-5932\" data-hspacer=\"no_spacer\"  data-halign=\"left\" style=\"text-align:left\"><div class=\"uvc-heading-spacer no_spacer\" style=\"top\"><\/div><div class=\"uvc-main-heading ult-responsive\"  data-ultimate-target='.uvc-heading.ultimate-heading-509469e9166a4bbdc h2'  data-responsive-json-new='{\"font-size\":\"desktop:30px;mobile_landscape:25px;\",\"line-height\":\"desktop:35px;mobile_landscape:30px;\"}' ><h2 style=\"font-family:&#039;Playfair Display&#039;;font-weight:700;margin-bottom:25px;\">Mozg\u00e1sszervi betegs\u00e9gek:<\/h2><\/div><\/div>\n\t<div class=\"wpb_text_column wpb_content_element\" >\n\t\t<div class=\"wpb_wrapper\">\n\t\t\t<p><img loading=\"lazy\" decoding=\"async\" class=\"alignleft wp-image-1075 size-medium\" src=\"https:\/\/termal-star.com\/wp-content\/uploads\/2020\/01\/pidvodni-1-300x193.jpg\" alt=\"V\u00edz alatti f\u00fcgg\u0151leges csigolyah\u00faz\u00e1s\" width=\"300\" height=\"193\" srcset=\"https:\/\/termal-star.com\/wp-content\/uploads\/2020\/01\/pidvodni-1-300x193.jpg 300w, https:\/\/termal-star.com\/wp-content\/uploads\/2020\/01\/pidvodni-1.jpg 700w\" sizes=\"auto, (max-width: 300px) 100vw, 300px\" \/><\/p>\n<ul>\n<li>els\u0151dleges arthrosis (polyarthrosis, oligoarthrosis, monoarthrosis);<\/li>\n<li>m\u00e1sodlagos \u00edz\u00fcleti gyullad\u00e1s (diszpl\u00e1zia, \u00edz\u00fcleti gyullad\u00e1s, s\u00e9r\u00fcl\u00e9sek, statikus rendelleness\u00e9gek, hipermobilit\u00e1s miatt);<\/li>\n<li>Bechterew-k\u00f3r (ankylopoetica spondylitis) remisszi\u00f3ban vagy a folyamat minim\u00e1lis aktivit\u00e1s\u00e1val;<\/li>\n<li>reakt\u00edv \u00edz\u00fcleti gyullad\u00e1s (nazofaringe\u00e1lis fert\u0151z\u00e9s ut\u00e1n, olt\u00e1s ut\u00e1n, injekci\u00f3k ut\u00e1n stb.) kr\u00f3nikus st\u00e1diumban;<\/li>\n<li>a m\u00faltbeli reum\u00e1s \u00edz\u00fcleti gyullad\u00e1s vagy polyarthritis k\u00f6vetkezm\u00e9nyei (legk\u00e9s\u0151bb 8-10 h\u00f3nappal az akut vagy szubakut sz\u00edvbetegs\u00e9gek befejez\u00e9se ut\u00e1n, a reum\u00e1s folyamat hi\u00e1ny\u00e1ban vagy minim\u00e1lis aktivit\u00e1sa eset\u00e9n, az I. fokozatn\u00e1l nem magasabb kering\u00e9si el\u00e9gtelens\u00e9ggel);<\/li>\n<li>csigolyak\u00f6zi osteochondrosis, spondylosis;<\/li>\n<li>reumatoid artritisz vagy polyarthritis inakt\u00edv f\u00e1zisban vagy minim\u00e1lis aktivit\u00e1si fok\u00fa;<\/li>\n<li>az \u00edz\u00fcletek \u00e9s csontok t\u00f6r\u00e9seinek k\u00f6vetkezm\u00e9nyei k\u00e9sleltetett konszolid\u00e1ci\u00f3val;<\/li>\n<li>\u00edz\u00fcleti \u00e9s gerincm\u0171t\u00e9tek ut\u00e1ni \u00e1llapot;<\/li>\n<li>kontrakt\u00far\u00e1k: artrog\u00e9n, osteog\u00e9n, heges, neurog\u00e9n;<\/li>\n<li>\u00edz\u00fcleti sz\u00f6vetek k\u00f6r\u00fcli betegs\u00e9gek (myositis, ligamentitis, Dupuytren-kontrakt\u00fara, periarthritis stb.);<\/li>\n<\/ul>\n\n\t\t<\/div>\n\t<\/div>\n<\/div><\/div><\/div><\/div><div class=\"vc_row wpb_row vc_row-fluid\"><div class=\"wpb_column vc_column_container vc_col-sm-12\"><div class=\"vc_column-inner\"><div class=\"wpb_wrapper\"><div id=\"ultimate-heading-926969e9166a4c3aa\" class=\"uvc-heading ult-adjust-bottom-margin ultimate-heading-926969e9166a4c3aa uvc-8040\" data-hspacer=\"no_spacer\"  data-halign=\"left\" style=\"text-align:left\"><div class=\"uvc-heading-spacer no_spacer\" style=\"top\"><\/div><div class=\"uvc-main-heading ult-responsive\"  data-ultimate-target='.uvc-heading.ultimate-heading-926969e9166a4c3aa h2'  data-responsive-json-new='{\"font-size\":\"desktop:30px;mobile_landscape:25px;\",\"line-height\":\"desktop:35px;mobile_landscape:30px;\"}' ><h2 style=\"font-family:&#039;Playfair Display&#039;;font-weight:700;margin-bottom:25px;\">Sz\u00edv- \u00e9s \u00e9rrendszeri betegs\u00e9gek:<\/h2><\/div><\/div>\n\t<div class=\"wpb_text_column wpb_content_element\" >\n\t\t<div class=\"wpb_wrapper\">\n\t\t\t<p><img loading=\"lazy\" decoding=\"async\" class=\"size-medium wp-image-1279 alignleft\" src=\"https:\/\/termal-star.com\/wp-content\/uploads\/2020\/01\/zahvoryuvannya-serczevo-sudynnoyi-systemy-300x193.jpg\" alt=\"Sz\u00edv- \u00e9s \u00e9rrendszeri betegs\u00e9gek\" width=\"300\" height=\"193\" srcset=\"https:\/\/termal-star.com\/wp-content\/uploads\/2020\/01\/zahvoryuvannya-serczevo-sudynnoyi-systemy-300x193.jpg 300w, https:\/\/termal-star.com\/wp-content\/uploads\/2020\/01\/zahvoryuvannya-serczevo-sudynnoyi-systemy.jpg 700w\" sizes=\"auto, (max-width: 300px) 100vw, 300px\" \/><\/p>\n<ul>\n<li>I-II. st\u00e1dium\u00fa hipert\u00f3ni\u00e1s betegs\u00e9g, II. st\u00e1diumn\u00e1l nem magasabb kering\u00e9si zavarokkal;<\/li>\n<li>ischaemi\u00e1s sz\u00edvbetegs\u00e9g;<\/li>\n<\/ul>\n\n\t\t<\/div>\n\t<\/div>\n<\/div><\/div><\/div><\/div><div class=\"vc_row wpb_row vc_row-fluid\"><div class=\"wpb_column vc_column_container vc_col-sm-12\"><div class=\"vc_column-inner\"><div class=\"wpb_wrapper\"><div id=\"ultimate-heading-447969e9166a4cb0d\" class=\"uvc-heading ult-adjust-bottom-margin ultimate-heading-447969e9166a4cb0d uvc-4769\" data-hspacer=\"no_spacer\"  data-halign=\"left\" style=\"text-align:left\"><div class=\"uvc-heading-spacer no_spacer\" style=\"top\"><\/div><div class=\"uvc-main-heading ult-responsive\"  data-ultimate-target='.uvc-heading.ultimate-heading-447969e9166a4cb0d h2'  data-responsive-json-new='{\"font-size\":\"desktop:30px;mobile_landscape:25px;\",\"line-height\":\"desktop:35px;mobile_landscape:30px;\"}' ><h2 style=\"font-family:&#039;Playfair Display&#039;;font-weight:700;margin-bottom:25px;\">B\u0151rbetegs\u00e9gek:<\/h2><\/div><\/div>\n\t<div class=\"wpb_text_column wpb_content_element\" >\n\t\t<div class=\"wpb_wrapper\">\n\t\t\t<p>Kr\u00f3nikus b\u0151rbetegs\u00e9gek:<\/p>\n<ul>\n<li>pikkelys\u00f6m\u00f6r;<\/li>\n<li>neurodermatitisz;<\/li>\n<li>ekc\u00e9ma;<\/li>\n<li>pattan\u00e1sos ki\u00fct\u00e9s.<\/li>\n<\/ul>\n\n\t\t<\/div>\n\t<\/div>\n<\/div><\/div><\/div><\/div><div class=\"vc_row wpb_row vc_row-fluid\"><div class=\"wpb_column vc_column_container vc_col-sm-12\"><div class=\"vc_column-inner\"><div class=\"wpb_wrapper\"><div id=\"ultimate-heading-146369e9166a4d228\" class=\"uvc-heading ult-adjust-bottom-margin ultimate-heading-146369e9166a4d228 uvc-7620\" data-hspacer=\"no_spacer\"  data-halign=\"left\" style=\"text-align:left\"><div class=\"uvc-heading-spacer no_spacer\" style=\"top\"><\/div><div class=\"uvc-main-heading ult-responsive\"  data-ultimate-target='.uvc-heading.ultimate-heading-146369e9166a4d228 h2'  data-responsive-json-new='{\"font-size\":\"desktop:30px;mobile_landscape:25px;\",\"line-height\":\"desktop:35px;mobile_landscape:30px;\"}' ><h2 style=\"font-family:&#039;Playfair Display&#039;;font-weight:700;margin-bottom:25px;\">Perif\u00e9ri\u00e1s \u00e9rbetegs\u00e9g:<\/h2><\/div><\/div>\n\t<div class=\"wpb_text_column wpb_content_element\" >\n\t\t<div class=\"wpb_wrapper\">\n\t\t\t<ul>\n<li>a v\u00e9gtagok ereinek ateroszkler\u00f3zis\u00e1nak elt\u00fcntet\u00e9se;<\/li>\n<li>obliter\u00e1l\u00f3 endarteritis (az I-II. fok\u00fa als\u00f3 v\u00e9gtagok kering\u00e9si zavaraival);<\/li>\n<li>akroangiover\u00f3zis;<\/li>\n<li>v\u00e9gtagok vissz\u00e9rgyullad\u00e1sa tromboflebitis n\u00e9lk\u00fcl, vagy legkor\u00e1bban egy \u00e9vvel akut tromboflebitis epiz\u00f3dja ut\u00e1n, trofikus b\u0151rbetegs\u00e9gek \u00e9s fek\u00e9lyek n\u00e9lk\u00fcl.<\/li>\n<\/ul>\n\n\t\t<\/div>\n\t<\/div>\n<\/div><\/div><\/div><\/div><div class=\"vc_row wpb_row vc_row-fluid\"><div class=\"wpb_column vc_column_container vc_col-sm-12\"><div class=\"vc_column-inner\"><div class=\"wpb_wrapper\"><div id=\"ultimate-heading-372069e9166a4d998\" class=\"uvc-heading ult-adjust-bottom-margin ultimate-heading-372069e9166a4d998 uvc-5547\" data-hspacer=\"no_spacer\"  data-halign=\"left\" style=\"text-align:left\"><div class=\"uvc-heading-spacer no_spacer\" style=\"top\"><\/div><div class=\"uvc-main-heading ult-responsive\"  data-ultimate-target='.uvc-heading.ultimate-heading-372069e9166a4d998 h2'  data-responsive-json-new='{\"font-size\":\"desktop:30px;mobile_landscape:25px;\",\"line-height\":\"desktop:35px;mobile_landscape:30px;\"}' ><h2 style=\"font-family:&#039;Playfair Display&#039;;font-weight:700;margin-bottom:25px;\">Bels\u0151 szervek betegs\u00e9gei:<\/h2><\/div><\/div>\n\t<div class=\"wpb_text_column wpb_content_element\" >\n\t\t<div class=\"wpb_wrapper\">\n\t\t\t<ul>\n<li style=\"font-weight: 400;\"><span style=\"font-weight: 400;\">kr\u00f3nikus gasztritisz remisszi\u00f3ban;<\/span><\/li>\n<li style=\"font-weight: 400;\"><span style=\"font-weight: 400;\">kr\u00f3nikus, nem kalkul\u00f3zus epeh\u00f3lyag-gyullad\u00e1s remisszi\u00f3ban \u00e9s epe\u00fati diszkin\u00e9zia<\/span><b>;<\/b><\/li>\n<li style=\"font-weight: 400;\"><span style=\"font-weight: 400;\">kr\u00f3nikus hasny\u00e1lmirigy-gyullad\u00e1s remisszi\u00f3ban;<\/span><\/li>\n<li style=\"font-weight: 400;\"><span style=\"font-weight: 400;\">kr\u00f3nikus pyelonephritis remisszi\u00f3ban;<\/span><\/li>\n<li style=\"font-weight: 400;\"><span style=\"font-weight: 400;\">cukorbetegs\u00e9g a kompenz\u00e1ci\u00f3s st\u00e1diumban;<\/span><\/li>\n<li style=\"font-weight: 400;\"><span style=\"font-weight: 400;\">h\u00fagy\u00fati diat\u00e9zis.<\/span><\/li>\n<\/ul>\n\n\t\t<\/div>\n\t<\/div>\n<\/div><\/div><\/div><\/div><div class=\"vc_row wpb_row vc_row-fluid\"><div class=\"wpb_column vc_column_container vc_col-sm-12\"><div class=\"vc_column-inner\"><div class=\"wpb_wrapper\"><div id=\"ultimate-heading-40869e9166a4e177\" class=\"uvc-heading ult-adjust-bottom-margin ultimate-heading-40869e9166a4e177 uvc-8717\" data-hspacer=\"no_spacer\"  data-halign=\"left\" style=\"text-align:left\"><div class=\"uvc-heading-spacer no_spacer\" style=\"top\"><\/div><div class=\"uvc-main-heading ult-responsive\"  data-ultimate-target='.uvc-heading.ultimate-heading-40869e9166a4e177 h2'  data-responsive-json-new='{\"font-size\":\"desktop:30px;mobile_landscape:25px;\",\"line-height\":\"desktop:35px;mobile_landscape:30px;\"}' ><h2 style=\"font-family:&#039;Playfair Display&#039;;font-weight:700;margin-bottom:25px;\">Ellenjavallat:<\/h2><\/div><\/div>\n\t<div class=\"wpb_text_column wpb_content_element\" >\n\t\t<div class=\"wpb_wrapper\">\n\t\t\t<p><img loading=\"lazy\" decoding=\"async\" class=\"alignleft wp-image-85 size-medium\" src=\"https:\/\/termal-star.com\/wp-content\/uploads\/2019\/11\/medychni-pokazannya-300x193.jpg\" alt=\"Thermal Star Zakarpattia\" width=\"300\" height=\"193\" srcset=\"https:\/\/termal-star.com\/wp-content\/uploads\/2019\/11\/medychni-pokazannya-300x193.jpg 300w, https:\/\/termal-star.com\/wp-content\/uploads\/2019\/11\/medychni-pokazannya.jpg 700w\" sizes=\"auto, (max-width: 300px) 100vw, 300px\" \/><\/p>\n<p>\u00c1ltal\u00e1nos ellenjavallatok a term\u00e9szetes ter\u00e1pi\u00e1s er\u0151forr\u00e1sok \u00e9s fizikai t\u00e9nyez\u0151k alkalmaz\u00e1s\u00e1ra:<\/p>\n<ul>\n<li style=\"font-weight: 400;\"><span style=\"font-weight: 400;\">kr\u00f3nikus betegs\u00e9gek s\u00falyosbod\u00e1sa;<\/span><\/li>\n<li style=\"font-weight: 400;\"><span style=\"font-weight: 400;\">magas v\u00e9rnyom\u00e1s III. st\u00e1dium;<\/span><\/li>\n<li style=\"font-weight: 400;\"><span style=\"font-weight: 400;\">instabil angina;<\/span><\/li>\n<li style=\"font-weight: 400;\"><span style=\"font-weight: 400;\">I. st\u00e1dium feletti kering\u00e9si el\u00e9gtelens\u00e9g;<\/span><\/li>\n<li style=\"font-weight: 400;\"><span style=\"font-weight: 400;\">masztopathia;<\/span><\/li>\n<li style=\"font-weight: 400;\"><span style=\"font-weight: 400;\">j\u00f3indulat\u00fa \u00e9s rosszindulat\u00fa daganatok;<\/span><\/li>\n<li style=\"font-weight: 400;\"><span style=\"font-weight: 400;\">\u00e1llapot a seb\u00e9szeti beavatkoz\u00e1sok ut\u00e1n, legkor\u00e1bban 3 h\u00f3nappal;<\/span><\/li>\n<li style=\"font-weight: 400;\"><span style=\"font-weight: 400;\">\u00e1ltal\u00e1nos orvosi ellenjavallatok a hidroter\u00e1pia kinevez\u00e9s\u00e9hez;<\/span><\/li>\n<li style=\"font-weight: 400;\"><span style=\"font-weight: 400;\">akut fert\u0151z\u0151 betegs\u00e9gek.<\/span><\/li>\n<\/ul>\n\n\t\t<\/div>\n\t<\/div>\n<\/div><\/div><\/div><\/div>\n<\/div>","protected":false},"excerpt":{"rendered":"<p>\u041c\u0435\u0434\u0438\u0447\u043d\u0456 \u043f\u043e\u043a\u0430\u0437\u0430\u043d\u043d\u044f: \u0421\u0430\u043d\u0430\u0442\u043e\u0440\u043d\u043e-\u043e\u0437\u0434\u043e\u0440\u043e\u0432\u0447\u0438\u0439 \u043a\u043e\u043c\u043f\u043b\u0435\u043a\u0441 \u00ab\u0422\u0435\u0440\u043c\u0430\u043b-C\u0442\u0430\u0440\u00bb \u043f\u043e\u0431\u0443\u0434\u043e\u0432\u0430\u043d\u0438\u0439 \u043d\u0430 \u0442\u0435\u0440\u043c\u0430\u043b\u044c\u043d\u0438\u0445 \u0432\u043e\u0434\u0430\u0445, \u043f\u0435\u0440\u0435\u0432\u0430\u0436\u0430\u044e\u0447\u0438\u043c\u0438 \u0435\u043b\u0435\u043c\u0435\u043d\u0442\u0430\u043c\u0438 \u044f\u043a\u0438\u0445 \u0454 \u043a\u0440\u0435\u043c\u043d\u0456\u0439 \u0442\u0430 \u0437\u0430\u043b\u0456\u0437\u043e. \u0412\u0456\u0434\u0442\u0430\u043a, \u0431\u0430\u043b\u044c\u043d\u0435\u043e\u043b\u043e\u0433\u0456\u0447\u043d\u0456 \u043f\u0440\u043e\u0446\u0435\u0434\u0443\u0440\u0438 \u0443\u043d\u0456\u043a\u0430\u043b\u044c\u043d\u0456, \u0431\u043e \u0437\u0430 \u043e\u0441\u043d\u043e\u0432\u0443 \u043b\u0456\u043a\u0443\u0432\u0430\u043d\u043d\u044f \u0432\u0437\u044f\u0442\u0456 \u0441\u0430\u043c\u0435 \u0432\u043e\u043d\u0438 \u2013 \u043f\u0440\u0438\u0440\u043e\u0434\u043d\u0456, \u0432\u0438\u0441\u043e\u043a\u043e\u043a\u0440\u0435\u043c\u043d\u0456\u0454\u0432\u0456, \u043c\u0456\u043d\u0435\u0440\u0430\u043b\u044c\u043d\u0456, \u0442\u0435\u0440\u043c\u0430\u043b\u044c\u043d\u0456 \u0432\u043e\u0434\u0438 \u0417\u0430\u043a\u0430\u0440\u043f\u0430\u0442\u0442\u044f, \u0431\u0430\u0433\u0430\u0442\u0456 \u043c\u0456\u043d\u0435\u0440\u0430\u043b\u044c\u043d\u0438\u043c\u0438 \u0441\u043e\u043b\u044f\u043c\u0438 \u0442\u0430 \u0432\u0456\u0434\u043e\u043c\u0456 \u0441\u0432\u043e\u0457\u043c\u0438 \u0446\u0456\u043b\u044e\u0449\u0438\u043c\u0438 \u0432\u043b\u0430\u0441\u0442\u0438\u0432\u043e\u0441\u0442\u044f\u043c\u0438 \u0449\u0435 \u0437 \u0434\u0430\u0432\u043d\u0456\u0445-\u0434\u0430\u0432\u0435\u043d. \u0412\u043e\u0434\u0430, \u0443 \u043f\u043e\u0454\u0434\u043d\u0430\u043d\u043d\u0456 \u0437 \u0441\u0443\u0447\u0430\u0441\u043d\u0438\u043c \u043e\u0431\u043b\u0430\u0434\u043d\u0430\u043d\u043d\u044f\u043c \u0442\u0430 \u0442\u0435\u0445\u043d\u043e\u043b\u043e\u0433\u0456\u044f\u043c\u0438, \u0454 \u0431\u0430\u0437\u043e\u044e&hellip;<\/p>","protected":false},"author":1,"featured_media":0,"parent":708,"menu_order":0,"comment_status":"closed","ping_status":"closed","template":"","meta":{"footnotes":""},"class_list":["post-983","page","type-page","status-publish","hentry","description-off"],"_links":{"self":[{"href":"https:\/\/termal-star.com\/hu\/wp-json\/wp\/v2\/pages\/983","targetHints":{"allow":["GET"]}}],"collection":[{"href":"https:\/\/termal-star.com\/hu\/wp-json\/wp\/v2\/pages"}],"about":[{"href":"https:\/\/termal-star.com\/hu\/wp-json\/wp\/v2\/types\/page"}],"author":[{"embeddable":true,"href":"https:\/\/termal-star.com\/hu\/wp-json\/wp\/v2\/users\/1"}],"replies":[{"embeddable":true,"href":"https:\/\/termal-star.com\/hu\/wp-json\/wp\/v2\/comments?post=983"}],"version-history":[{"count":14,"href":"https:\/\/termal-star.com\/hu\/wp-json\/wp\/v2\/pages\/983\/revisions"}],"predecessor-version":[{"id":1498,"href":"https:\/\/termal-star.com\/hu\/wp-json\/wp\/v2\/pages\/983\/revisions\/1498"}],"up":[{"embeddable":true,"href":"https:\/\/termal-star.com\/hu\/wp-json\/wp\/v2\/pages\/708"}],"wp:attachment":[{"href":"https:\/\/termal-star.com\/hu\/wp-json\/wp\/v2\/media?parent=983"}],"curies":[{"name":"wp","href":"https:\/\/api.w.org\/{rel}","templated":true}]}}