{"id":1272,"date":"2020-01-10T18:33:47","date_gmt":"2020-01-10T18:33:47","guid":{"rendered":"https:\/\/termal-star.com\/?page_id=1272"},"modified":"2021-05-25T10:18:24","modified_gmt":"2021-05-25T10:18:24","slug":"harakterystyka-vody","status":"publish","type":"page","link":"https:\/\/termal-star.com\/sk\/medicine\/harakterystyka-vody\/","title":{"rendered":"Charakteristika vody"},"content":{"rendered":"<div class=\"wpb-content-wrapper\"><div class=\"vc_row wpb_row vc_row-fluid\"><div class=\"wpb_column vc_column_container vc_col-sm-12\"><div class=\"vc_column-inner\"><div class=\"wpb_wrapper\"><div id=\"ultimate-heading-442269e9177640747\" class=\"uvc-heading ult-adjust-bottom-margin ultimate-heading-442269e9177640747 uvc-635\" data-hspacer=\"no_spacer\"  data-halign=\"left\" style=\"text-align:left\"><div class=\"uvc-heading-spacer no_spacer\" style=\"top\"><\/div><div class=\"uvc-main-heading ult-responsive\"  data-ultimate-target='.uvc-heading.ultimate-heading-442269e9177640747 h2'  data-responsive-json-new='{\"font-size\":\"desktop:30px;mobile_landscape:25px;\",\"line-height\":\"desktop:35px;mobile_landscape:30px;\"}' ><h2 style=\"font-family:&#039;Playfair Display&#039;;font-weight:700;margin-bottom:25px;\">V\u0161eobecn\u00e1 charakteristika balneologick\u00fdch a klimatick\u00fdch faktorov sanat\u00f3rneho komplexu &quot;Thermal Star&quot;<\/h2><\/div><\/div>\n\t<div class=\"wpb_text_column wpb_content_element\" >\n\t\t<div class=\"wpb_wrapper\">\n\t\t\t<p><strong>Balneologick\u00e9 faktory miner\u00e1lnej vody na vn\u00fatorn\u00e9 a vonkaj\u0161ie pou\u017eitie:<\/strong><\/p>\n<ol>\n<li>Term\u00e1lna miner\u00e1lna voda z vrtu \u010d. 32-T v obci. Rekrea\u010dn\u00e1 oblas\u0165 Doln\u00e9 Solotvyno:<br \/>\n\u2013 uhli\u010ditanov\u00e1, vysoko kremi\u010dit\u00e1, vysoko mineralizovan\u00e1 chloridovo-sodn\u00e1 slabo kysl\u00e1 term\u00e1lna voda, ako napr\u00edklad Wiesbaden (Nemecko) \u2013 pod\u013ea z\u00e1veru Ukrajinsk\u00e9ho v\u00fdskumn\u00e9ho \u00fastavu lek\u00e1rskej rehabilit\u00e1cie a balneol\u00f3gie je t\u00e1to voda miner\u00e1lnou terapeutickou vodou ur\u010denou na vonkaj\u0161ie pou\u017eitie.<\/li>\n<li>Miner\u00e1lna voda z vrtu \u010d. 5-07 s. Rekrea\u010dn\u00e1 oblas\u0165 Doln\u00e9ho Solotvyna:<br \/>\n\u2013 slabo mineralizovan\u00e1, vysokokremi\u010dit\u00e1, hydrouhli\u010ditanov\u00e1, v\u00e1penato-sodn\u00e1 voda, svoj\u00edm zlo\u017een\u00edm patr\u00ed k slabo mineralizovan\u00fdm kremi\u010dit\u00fdm vod\u00e1m kuldursko-pyrenejsk\u00e9ho typu (Franc\u00fazsko) \u2013 pod\u013ea z\u00e1veru Ukrajinsk\u00e9ho v\u00fdskumn\u00e9ho \u00fastavu lek\u00e1rskej rehabilit\u00e1cie a balneol\u00f3gie sa t\u00e1to voda m\u00f4\u017ee pou\u017e\u00edva\u0165 na lie\u010debn\u00e9 \u00fa\u010dely na vonkaj\u0161ie aj vn\u00fatorn\u00e9 pou\u017eitie.<br \/>\n\u010cerpacia stanica funguje pod\u013ea schv\u00e1len\u00e9ho harmonogramu, \u010fal\u0161ie inform\u00e1cie je mo\u017en\u00e9 z\u00edska\u0165 od spr\u00e1vcu.<\/li>\n<\/ol>\n<p><strong>Podnebie<\/strong><br \/>\nStredisko sa nach\u00e1dza v n\u00ed\u017einnej oblasti v nadmorskej v\u00fd\u0161ke 150 m nad morom. Mikroklimatick\u00e9 podmienky strediska s\u00fa ve\u013emi priazniv\u00e9 v\u010faka tomu, \u017ee oblas\u0165 je obklopen\u00e1 mal\u00fdmi horami sope\u010dn\u00e9ho p\u00f4vodu, pokryt\u00fdmi lesom. Patr\u00ed do klimatoterapeutickej oblasti s \u00farov\u0148ou stimul\u00e1cie 0, tak\u017ee pobyt v rezorte m\u00e1 sedat\u00edvny \u00fa\u010dinok.<\/p>\n\n\t\t<\/div>\n\t<\/div>\n<\/div><\/div><\/div><\/div><div class=\"vc_row wpb_row vc_row-fluid\"><div class=\"wpb_column vc_column_container vc_col-sm-8\"><div class=\"vc_column-inner\"><div class=\"wpb_wrapper\">\n\t<div class=\"wpb_text_column wpb_content_element\" >\n\t\t<div class=\"wpb_wrapper\">\n\t\t\t<p>V sanat\u00f3riu Thermal-Star je mo\u017enos\u0165 \u00eds\u0165 <strong>pitn\u00e1 k\u00fara s lie\u010divou kremi\u010ditou miner\u00e1lnou vodou<\/strong>. Pod\u013ea svetov\u00fdch anal\u00f3gov m\u00e1 miner\u00e1lna voda z \u010derpacej stanice Thermal-Star podobn\u00e9 zlo\u017eenie ako kremi\u010dit\u00e9 miner\u00e1lne vody strediska Mondor (Franc\u00fazsko), kde sa \u00faspe\u0161ne pou\u017e\u00edva v r\u00f4znych lie\u010debn\u00fdch re\u017eimoch a je ve\u013emi \u017eiadan\u00e1.<\/p>\n<p>Kremi\u010dit\u00e1 miner\u00e1lna voda sanat\u00f3ria Thermal-Star sa m\u00f4\u017ee pou\u017e\u00edva\u0165 na pitie ako na prevent\u00edvne \u00fa\u010dely, tak aj v lie\u010debn\u00fdch re\u017eimoch.<\/p>\n<p><strong>Pitie na\u0161ej miner\u00e1lnej vody prispieva k:<\/strong><\/p>\n<ul>\n<li>normaliz\u00e1cia funk\u010dn\u00e9ho stavu \u017eal\u00fadka;<\/li>\n<li>zlep\u0161enie odtoku \u017el\u010de a pankreatick\u00fdch sekr\u00e9tov;<\/li>\n<li>pozit\u00edvny vplyv na \u010drevn\u00fa peristaltiku;<\/li>\n<li>zv\u00fd\u0161enie filtr\u00e1cie v obli\u010dk\u00e1ch a zlep\u0161enie vylu\u010dovania piesku a z\u00e1palov\u00fdch ne\u010dist\u00f4t;<\/li>\n<li>normaliz\u00e1cia metabolick\u00fdch procesov v tele.<\/li>\n<\/ul>\n<p>A re\u017eim individu\u00e1lneho pitia miner\u00e1lnej vody, spr\u00e1vne vybran\u00fd na\u0161imi lek\u00e1rmi pre v\u00e1s, v sanat\u00f3riu a zdravotnom komplexe Thermal-Star v\u00e1m poskytne dlhotrvaj\u00faci pocit pohodlia a dobr\u00e9ho zdravia.<\/p>\n\n\t\t<\/div>\n\t<\/div>\n<\/div><\/div><\/div><div class=\"wpb_column vc_column_container vc_col-sm-4\"><div class=\"vc_column-inner\"><div class=\"wpb_wrapper\">\n\t<div  class=\"wpb_single_image wpb_content_element vc_align_left\">\n\t\t\n\t\t<figure class=\"wpb_wrapper vc_figure\">\n\t\t\t<div class=\"vc_single_image-wrapper   vc_box_border_grey\"><img loading=\"lazy\" decoding=\"async\" width=\"828\" height=\"992\" src=\"https:\/\/termal-star.com\/wp-content\/uploads\/2021\/05\/kurs-pytnoho-likuvannia-tsiliushchoiu-kremenystoiu-mineralnoiu-vodoiu.jpg\" class=\"vc_single_image-img attachment-full\" alt=\"pitn\u00e1 k\u00fara s lie\u010divou kremi\u010ditou miner\u00e1lnou vodou\" title=\"pitn\u00e1 k\u00fara s lie\u010divou kremi\u010ditou miner\u00e1lnou vodou\" srcset=\"https:\/\/termal-star.com\/wp-content\/uploads\/2021\/05\/kurs-pytnoho-likuvannia-tsiliushchoiu-kremenystoiu-mineralnoiu-vodoiu.jpg 828w, https:\/\/termal-star.com\/wp-content\/uploads\/2021\/05\/kurs-pytnoho-likuvannia-tsiliushchoiu-kremenystoiu-mineralnoiu-vodoiu-250x300.jpg 250w, https:\/\/termal-star.com\/wp-content\/uploads\/2021\/05\/kurs-pytnoho-likuvannia-tsiliushchoiu-kremenystoiu-mineralnoiu-vodoiu-768x920.jpg 768w\" sizes=\"auto, (max-width: 828px) 100vw, 828px\"  data-dt-location=\"https:\/\/termal-star.com\/sk\/kurs-pytnoho-likuvannia-tsiliushchoiu-kremenystoiu-mineralnoiu-vodoiu\/kurs-pytnoho-likuvannia-tsiliushchoiu-kremenystoiu-mineralnoiu-vodoiu\/\" \/><\/div>\n\t\t<\/figure>\n\t<\/div>\n<\/div><\/div><\/div><\/div>\n<\/div>","protected":false},"excerpt":{"rendered":"<p>\u0417\u0430\u0433\u0430\u043b\u044c\u043d\u0430 \u0445\u0430\u0440\u0430\u043a\u0442\u0435\u0440\u0438\u0441\u0442\u0438\u043a\u0430 \u0431\u0430\u043b\u044c\u043d\u0435\u043e\u043b\u043e\u0433\u0456\u0447\u043d\u0438\u0445 \u0456 \u043a\u043b\u0456\u043c\u0430\u0442\u0438\u0447\u043d\u0438\u0445 \u0444\u0430\u043a\u0442\u043e\u0440\u0456\u0432 \u0441\u0430\u043d\u0430\u0442\u043e\u0440\u043d\u043e\u0433\u043e \u043a\u043e\u043c\u043f\u043b\u0435\u043a\u0441\u0443 \u00ab\u0422\u0435\u0440\u043c\u0430\u043b \u0421\u0442\u0430\u0440\u00bb \u0411\u0430\u043b\u044c\u043d\u0435\u043e\u043b\u043e\u0433\u0456\u0447\u043d\u0456 \u0444\u0430\u043a\u0442\u043e\u0440\u0438 \u043c\u0456\u043d\u0435\u0440\u0430\u043b\u044c\u043d\u043e\u0457 \u0432\u043e\u0434\u0438 \u0434\u043b\u044f \u0432\u043d\u0443\u0442\u0440\u0456\u0448\u043d\u044c\u043e\u0433\u043e \u0456 \u0437\u043e\u0432\u043d\u0456\u0448\u043d\u044c\u043e\u0433\u043e \u0437\u0430\u0441\u0442\u043e\u0441\u0443\u0432\u0430\u043d\u043d\u044f: \u0422\u0435\u0440\u043c\u0430\u043b\u044c\u043d\u0430 \u043c\u0456\u043d\u0435\u0440\u0430\u043b\u044c\u043d\u0430 \u0432\u043e\u0434\u0430 \u0441\u0432\u0435\u0440\u0434\u043b\u043e\u0432\u0438\u043d\u0438 \u2116 32-\u0422 \u0441. \u041d\u0438\u0436\u043d\u0454 \u0421\u043e\u043b\u043e\u0442\u0432\u0438\u043d\u043e \u043a\u0443\u0440\u043e\u0440\u0442\u043d\u043e\u0457 \u0437\u043e\u043d\u0438: \u2013 \u0432\u0443\u0433\u043b\u0435\u043a\u0438\u0441\u043b\u0430, \u0432\u0438\u0441\u043e\u043a\u043e\u043a\u0440\u0435\u043c\u043d\u0456\u0435\u0432\u0430, \u0432\u0438\u0441\u043e\u043a\u043e\u043c\u0456\u043d\u0435\u0440\u0430\u043b\u0456\u0437\u043e\u0432\u0430\u043d\u0430 \u0445\u043b\u043e\u0440\u0438\u0434\u043d\u043e-\u043d\u0430\u0442\u0440\u0456\u0454\u0432\u0430 \u0441\u043b\u0430\u0431\u043e\u043a\u0438\u0441\u043b\u0430 \u0442\u0435\u0440\u043c\u0430\u043b\u044c\u043d\u0430 \u0432\u043e\u0434\u0430, \u0442\u0438\u043f\u0443 \u0412\u0456\u0437\u0431\u0430\u0434\u0435\u043d (\u041d\u0456\u043c\u0435\u0447\u0447\u0438\u043d\u0430) &#8211; \u0437\u0430 \u0432\u0438\u0441\u043d\u043e\u0432\u043a\u043e\u043c \u0423\u043a\u0440\u0430\u0457\u043d\u0441\u044c\u043a\u043e\u0433\u043e \u041d\u0414\u0406 \u043c\u0435\u0434\u0438\u0447\u043d\u043e\u0457 \u0440\u0435\u0430\u0431\u0456\u043b\u0456\u0442\u0430\u0446\u0456\u0457 \u0442\u0430 \u043a\u0443\u0440\u043e\u0440\u0442\u043e\u043b\u043e\u0433\u0456\u0457 \u0434\u0430\u043d\u0430 \u0432\u043e\u0434\u0430 \u0454 \u043c\u0456\u043d\u0435\u0440\u0430\u043b\u044c\u043d\u043e\u044e \u043b\u0456\u043a\u0443\u0432\u0430\u043b\u044c\u043d\u043e\u044e&hellip;<\/p>","protected":false},"author":1,"featured_media":0,"parent":708,"menu_order":0,"comment_status":"closed","ping_status":"closed","template":"","meta":{"footnotes":""},"class_list":["post-1272","page","type-page","status-publish","hentry","description-off"],"_links":{"self":[{"href":"https:\/\/termal-star.com\/sk\/wp-json\/wp\/v2\/pages\/1272","targetHints":{"allow":["GET"]}}],"collection":[{"href":"https:\/\/termal-star.com\/sk\/wp-json\/wp\/v2\/pages"}],"about":[{"href":"https:\/\/termal-star.com\/sk\/wp-json\/wp\/v2\/types\/page"}],"author":[{"embeddable":true,"href":"https:\/\/termal-star.com\/sk\/wp-json\/wp\/v2\/users\/1"}],"replies":[{"embeddable":true,"href":"https:\/\/termal-star.com\/sk\/wp-json\/wp\/v2\/comments?post=1272"}],"version-history":[{"count":4,"href":"https:\/\/termal-star.com\/sk\/wp-json\/wp\/v2\/pages\/1272\/revisions"}],"predecessor-version":[{"id":1789,"href":"https:\/\/termal-star.com\/sk\/wp-json\/wp\/v2\/pages\/1272\/revisions\/1789"}],"up":[{"embeddable":true,"href":"https:\/\/termal-star.com\/sk\/wp-json\/wp\/v2\/pages\/708"}],"wp:attachment":[{"href":"https:\/\/termal-star.com\/sk\/wp-json\/wp\/v2\/media?parent=1272"}],"curies":[{"name":"wp","href":"https:\/\/api.w.org\/{rel}","templated":true}]}}