{"id":706,"date":"2019-12-24T06:15:45","date_gmt":"2019-12-24T06:15:45","guid":{"rendered":"https:\/\/termal-star.com\/?page_id=706"},"modified":"2021-06-23T05:48:10","modified_gmt":"2021-06-23T05:48:10","slug":"sport","status":"publish","type":"page","link":"https:\/\/termal-star.com\/sk\/sport\/","title":{"rendered":"\u0160port"},"content":{"rendered":"<div class=\"wpb-content-wrapper\"><div class=\"vc_row wpb_row vc_row-fluid\"><div class=\"wpb_column vc_column_container vc_col-sm-12\"><div class=\"vc_column-inner\"><div class=\"wpb_wrapper\">\n\t<div class=\"wpb_text_column wpb_content_element\" >\n\t\t<div class=\"wpb_wrapper\">\n\t\t\t<p>\u0160portov\u00e9 centrum Thermal-Star je jedine\u010dn\u00fd komplex, ktor\u00fd sp\u00e1ja mo\u017enos\u0165 najlep\u0161ej dovolenky na vidieku, lie\u010dby v Zakarpatskej oblasti a \u0161portu. Modern\u00e9 \u0161portov\u00e9 centrum \u201eThermal-Star\u201c m\u00e1 v\u0161etko potrebn\u00e9 na usporiadanie \u0161portov\u00fdch kempov, konferenci\u00ed a semin\u00e1rov.<\/p>\n<p>\u0160portov\u00e9 zariadenia s\u00fa postaven\u00e9 s pou\u017eit\u00edm eur\u00f3pskych technol\u00f3gi\u00ed, \u010do v\u00e1m umo\u017e\u0148uje venova\u0165 sa \u0161portu na profesion\u00e1lnej \u00farovni. \u0160portov\u00e9 centrum Thermal Star so svoj\u00edm \u0161portov\u00fdm vybaven\u00edm je ide\u00e1lne na individu\u00e1lne aj t\u00edmov\u00e9 tr\u00e9ningy.<\/p>\n<p>Z\u00e1klad\u0148a umo\u017e\u0148uje dlhodob\u00e9 pobyty a tr\u00e9ning \u0161portov\u00fdch t\u00edmov.<\/p>\n<p>Sanat\u00f3rium Thermal-Star sa nach\u00e1dza v Zakarpatskej oblasti, 12 kilometrov od mesta U\u017ehorod a 35 kilometrov od mesta. Muka\u010devo, v malebnej oblasti Karp\u00e1t, na brehu jazera, obklopen\u00e9 horsk\u00fdmi lesmi.<\/p>\n\n\t\t<\/div>\n\t<\/div>\n\n\t<div class=\"wpb_text_column wpb_content_element  table-in-text\" >\n\t\t<div class=\"wpb_wrapper\">\n\t\t\t<h2 id=\"tablepress-7-name\" class=\"tablepress-table-name tablepress-table-name-id-7\">Ponuka pre \u0161portov\u00e9 t\u00edmy<\/h2>\n\n<table id=\"tablepress-7\" class=\"tablepress tablepress-id-7\" aria-labelledby=\"tablepress-7-name\" aria-describedby=\"tablepress-7-description\">\n<thead>\n<tr class=\"row-1\">\n\t<th class=\"column-1\">N\u00e1zov slu\u017eby (cena za osobu\/de\u0148)\t<\/th><th class=\"column-2\">Cena v UAH vr\u00e1tane DPH<\/th>\n<\/tr>\n<\/thead>\n<tbody class=\"row-striping row-hover\">\n<tr class=\"row-2\">\n\t<td class=\"column-1\">Pouk\u00e1\u017eka (jednol\u00f4\u017ekov\u00e1 izba &quot;\u0160tandard&quot;)* (cena za 1 osobu\/de\u0148)<\/td><td class=\"column-2\">3500<\/td>\n<\/tr>\n<tr class=\"row-3\">\n\t<td class=\"column-1\">Pouk\u00e1\u017eka (dvojl\u00f4\u017ekov\u00e1 izba &quot;\u0160tandard&quot;)* (cena za 1 osobu\/de\u0148)<\/td><td class=\"column-2\">3000<\/td>\n<\/tr>\n<\/tbody>\n<\/table>\n<span id=\"tablepress-7-description\" class=\"tablepress-table-description tablepress-table-description-id-7\">* cena zah\u0155\u0148a: ubytovanie, tri jedl\u00e1 denne, term\u00e1lny baz\u00e9n, poplatok za pou\u017e\u00edvanie \u0161portoviska, <br \/>\npranie hrac\u00edch dresov (tri\u010dko, \u0161ortky, pono\u017eky)<br \/>\n* osvetlenie \u0161portoviska \u2013 ch\u00fdba<br \/>\n* cena nezah\u0155\u0148a: \u010distenie \u0161portoviska od snehu<br \/>\n<\/span>\n\n\n\t\t<\/div>\n\t<\/div>\n<div class=\"vc_row wpb_row vc_inner vc_row-fluid\"><div class=\"wpb_column vc_column_container vc_col-sm-6\"><div class=\"vc_column-inner\"><div class=\"wpb_wrapper\"><div id=\"ultimate-heading-588769e914c7dc6c7\" class=\"uvc-heading ult-adjust-bottom-margin ultimate-heading-588769e914c7dc6c7 uvc-5463\" data-hspacer=\"no_spacer\"  data-halign=\"left\" style=\"text-align:left\"><div class=\"uvc-heading-spacer no_spacer\" style=\"top\"><\/div><div class=\"uvc-main-heading ult-responsive\"  data-ultimate-target='.uvc-heading.ultimate-heading-588769e914c7dc6c7 h2'  data-responsive-json-new='{\"font-size\":\"desktop:30px;mobile_landscape:25px;\",\"line-height\":\"desktop:35px;mobile_landscape:30px;\"}' ><h2 style=\"font-family:&#039;Playfair Display&#039;;font-weight:700;margin-bottom:25px;\">Rezidencia<\/h2><\/div><\/div>\n\t<div class=\"wpb_text_column wpb_content_element\" >\n\t\t<div class=\"wpb_wrapper\">\n\t\t\t<p>Sanat\u00f3rium Thermal-Star dnes pon\u00faka svojim klientom, ktor\u00ed prejavili z\u00e1ujem o zak\u00fapenie \u0161portov\u00e9ho poukazu, ubytovanie v pohodln\u00fdch jednoizbov\u00fdch izb\u00e1ch typu Standard (ich rozloha je 25 m\u00b2), ktor\u00e9 sa nach\u00e1dzaj\u00fa v hlavnej budove alebo v dreven\u00fdch chatk\u00e1ch.<\/p>\n<p>V\u0161etky izby v tejto kateg\u00f3rii s\u00fa vybaven\u00e9 individu\u00e1lnou klimatiz\u00e1ciou, elektronick\u00fdm z\u00e1mkom, telef\u00f3nom, mini trezorom, chladni\u010dkou, TV, pr\u00edstupom na WI-FI, \u017eupanmi, k\u00fape\u013e\u0148ou (sprcha, f\u00e9n, uter\u00e1ky).<\/p>\n\n\t\t<\/div>\n\t<\/div>\n<\/div><\/div><\/div><div class=\"wpb_column vc_column_container vc_col-sm-6\"><div class=\"vc_column-inner\"><div class=\"wpb_wrapper\"><div id=\"ultimate-heading-861469e914c7dcb70\" class=\"uvc-heading ult-adjust-bottom-margin ultimate-heading-861469e914c7dcb70 uvc-8861\" data-hspacer=\"no_spacer\"  data-halign=\"left\" style=\"text-align:left\"><div class=\"uvc-heading-spacer no_spacer\" style=\"top\"><\/div><div class=\"uvc-main-heading ult-responsive\"  data-ultimate-target='.uvc-heading.ultimate-heading-861469e914c7dcb70 h2'  data-responsive-json-new='{\"font-size\":\"desktop:30px;mobile_landscape:25px;\",\"line-height\":\"desktop:35px;mobile_landscape:30px;\"}' ><h2 style=\"font-family:&#039;Playfair Display&#039;;font-weight:700;margin-bottom:25px;\">Jedlo<\/h2><\/div><\/div>\n\t<div class=\"wpb_text_column wpb_content_element\" >\n\t\t<div class=\"wpb_wrapper\">\n\t\t\t<div class=\"post_content\">\n<div class=\"large-12 columns\">\n<ul>\n<li>3 jedl\u00e1 denne pod\u013ea syst\u00e9mu dvoch a\u017e troch vzorov\u00fdch menu;<\/li>\n<li>terapeutick\u00e1 v\u00fd\u017eiva s di\u00e9tou je mo\u017en\u00e1;<\/li>\n<li>Korekcia v\u00fd\u017eivy pod doh\u013eadom lek\u00e1ra.<\/li>\n<\/ul>\n<\/div>\n<\/div>\n\n\t\t<\/div>\n\t<\/div>\n<\/div><\/div><\/div><\/div><div id=\"ultimate-heading-443869e914c7dcdfa\" class=\"uvc-heading ult-adjust-bottom-margin ultimate-heading-443869e914c7dcdfa uvc-8149\" data-hspacer=\"no_spacer\"  data-halign=\"left\" style=\"text-align:left\"><div class=\"uvc-heading-spacer no_spacer\" style=\"top\"><\/div><div class=\"uvc-main-heading ult-responsive\"  data-ultimate-target='.uvc-heading.ultimate-heading-443869e914c7dcdfa h2'  data-responsive-json-new='{\"font-size\":\"desktop:30px;mobile_landscape:25px;\",\"line-height\":\"desktop:35px;mobile_landscape:30px;\"}' ><h2 style=\"font-family:&#039;Playfair Display&#039;;font-weight:700;margin-bottom:25px;\">\u0160portov\u00e1 infra\u0161trukt\u00fara<\/h2><\/div><\/div>\n\t<div class=\"wpb_text_column wpb_content_element\" >\n\t\t<div class=\"wpb_wrapper\">\n\t\t\t<ul>\n<li><strong>Umel\u00e9 futbalov\u00e9 ihrisko: <\/strong>rozmery od \u010diary k \u010diare 102,00 m. vo v\u00fd\u0161ke 58,00 m. Pokrytie tr\u00e1vnika Tango od LIMONTA SPORTS \u2013 zaru\u010duje hracie vlastnosti porovnate\u013en\u00e9 s pr\u00edrodn\u00fdm tr\u00e1vnikom najvy\u0161\u0161ej \u00farovne. Kombin\u00e1cia fibrilovanej a monofilnej priadze poskytuje maxim\u00e1lny pocit prirodzen\u00e9ho tr\u00e1vnika a umo\u017e\u0148uje 24-hodinov\u00fa prev\u00e1dzku bez oh\u013eadu na ro\u010dn\u00e9 obdobie alebo podnebie. Koncept kvality FIFA. (Koncept preferovan\u00e9ho v\u00fdrobcu FIFA) uv\u00e1dza, \u017ee umel\u00e9 futbalov\u00e9 tr\u00e1vniky vyroben\u00e9 a nain\u0161talovan\u00e9 preferovan\u00fdm v\u00fdrobcom FIFA bud\u00fa zaru\u010dene sp\u013a\u0148a\u0165 vysok\u00e9 \u0161tandardy a po\u017eiadavky stanoven\u00e9 a monitorovan\u00e9 FIFA.<\/li>\n<li><strong>Umel\u00e9 ihrisko pre minifutbal: <\/strong>rozmery od \u010diary k \u010diare 17,20 m x 42,50 m.<\/li>\n<li><strong>Umel\u00fd tenisov\u00fd kurt: <\/strong>Rozmery medzi riadkami 20 x 40.<\/li>\n<li><strong>Kryt\u00fd baz\u00e9n s mierne mineralizovanou vodou;<\/strong><\/li>\n<li><strong>Kryt\u00fd baz\u00e9n s term\u00e1lnou vodou;<\/strong><\/li>\n<li><strong>Fitnescentrum;<\/strong><\/li>\n<li><strong>Letn\u00e9 ihrisk\u00e1 s cvi\u010debn\u00fdmi zariadeniami.<\/strong><\/li>\n<\/ul>\n<div id=\"gtx-trans\" style=\"position: absolute; left: 34px; top: 276px;\">\n<div class=\"gtx-trans-icon\"><\/div>\n<\/div>\n\n\t\t<\/div>\n\t<\/div>\n<div id=\"ultimate-heading-591069e914c7dd0f6\" class=\"uvc-heading ult-adjust-bottom-margin ultimate-heading-591069e914c7dd0f6 uvc-7899\" data-hspacer=\"no_spacer\"  data-halign=\"left\" style=\"text-align:left\"><div class=\"uvc-heading-spacer no_spacer\" style=\"top\"><\/div><div class=\"uvc-main-heading ult-responsive\"  data-ultimate-target='.uvc-heading.ultimate-heading-591069e914c7dd0f6 h2'  data-responsive-json-new='{\"font-size\":\"desktop:30px;mobile_landscape:25px;\",\"line-height\":\"desktop:35px;mobile_landscape:30px;\"}' ><h2 style=\"font-family:&#039;Playfair Display&#039;;font-weight:700;margin-bottom:25px;\">Infra\u0161trukt\u00fara<\/h2><\/div><\/div>\n\t<div class=\"wpb_text_column wpb_content_element\" >\n\t\t<div class=\"wpb_wrapper\">\n\t\t\t<ul>\n<li>Balneologick\u00e9 oddelenie je vybaven\u00e9 term\u00e1lnym baz\u00e9nom, k\u00fape\u013emi (perli\u010dkov\u00fd, uhli\u010dit\u00fd, v\u00edriv\u00fd), hydromas\u00e1\u017enymi va\u0148ami, podvodn\u00fdmi mas\u00e1\u017enymi va\u0148ami, ako aj fyzioterapeutick\u00fdmi miestnos\u0165ami, miestnos\u0165ami pre termoterapiu, mas\u00e1\u017enymi miestnos\u0165ami, kozmetologickou miestnos\u0165ou, modern\u00fdm laborat\u00f3riom a \u010derpacou stanicou s n\u00edzkomineralizovanou vodou.<\/li>\n<li>Dve jed\u00e1lne v hlavnej budove;<\/li>\n<li>Va\u0148a a va\u0148a;<\/li>\n<li>\u201eK\u00fape\u013en\u00fd komplex\u201c, kde si z\u00e1kazn\u00edci m\u00f4\u017eu vychutna\u0165 ve\u013ek\u00fd kryt\u00fd baz\u00e9n, saunu a hammam;<\/li>\n<li>Volejbalov\u00e9 ihrisko, bedminton, minigolf, detsk\u00e9 ihrisk\u00e1, bowling;<\/li>\n<li>Po\u017ei\u010dov\u0148a bicyklov;<\/li>\n<li>Kni\u017enica;<\/li>\n<li>Pr\u00e1\u010dovn\u00edcke slu\u017eby;<\/li>\n<li>Obchod so suven\u00edrmi;<\/li>\n<li>Konferen\u010dn\u00e1 s\u00e1la pre 110 os\u00f4b;<\/li>\n<li>Zasadacia miestnos\u0165 pre 15 os\u00f4b;<\/li>\n<li>Banketn\u00e1 s\u00e1la pre 45 os\u00f4b.<\/li>\n<\/ul>\n\n\t\t<\/div>\n\t<\/div>\n<\/div><\/div><\/div><\/div><div class=\"vc_row wpb_row vc_row-fluid\"><div class=\"wpb_column vc_column_container vc_col-sm-6\"><div class=\"vc_column-inner\"><div class=\"wpb_wrapper\">\n\t<div class=\"wpb_video_widget wpb_content_element vc_clearfix   vc_video-aspect-ratio-169 vc_video-el-width-100 vc_video-align-left\" >\n\t\t<div class=\"wpb_wrapper\">\n\t\t\t\n\t\t\t<div class=\"wpb_video_wrapper\"><iframe loading=\"lazy\" title=\"Tr\u00e9ning FC &quot;Hoverla&quot; v U\u017ehorode\" width=\"1200\" height=\"675\" src=\"https:\/\/www.youtube.com\/embed\/9Reu0pegQFU?feature=oembed\" frameborder=\"0\" allow=\"accelerometer; autoplay; encrypted-media; gyroscope; picture-in-picture\" allowfullscreen><\/iframe><\/div>\n\t\t<\/div>\n\t<\/div>\n<\/div><\/div><\/div><div class=\"wpb_column vc_column_container vc_col-sm-6\"><div class=\"vc_column-inner\"><div class=\"wpb_wrapper\">\n\t<div class=\"wpb_video_widget wpb_content_element vc_clearfix   vc_video-aspect-ratio-169 vc_video-el-width-100 vc_video-align-left\" >\n\t\t<div class=\"wpb_wrapper\">\n\t\t\t\n\t\t\t<div class=\"wpb_video_wrapper\"><iframe loading=\"lazy\" title=\"Tr\u00e9ning FC &quot;Karpaty&quot; v Muka\u010deve\" width=\"1200\" height=\"675\" src=\"https:\/\/www.youtube.com\/embed\/LiAduK4OdDA?feature=oembed\" frameborder=\"0\" allow=\"accelerometer; autoplay; encrypted-media; gyroscope; picture-in-picture\" allowfullscreen><\/iframe><\/div>\n\t\t<\/div>\n\t<\/div>\n<\/div><\/div><\/div><\/div>\n<\/div>","protected":false},"excerpt":{"rendered":"<p>\u0421\u043f\u043e\u0440\u0442\u0438\u0432\u043d\u0430 \u0431\u0430\u0437\u0430 \u00ab\u0422\u0435\u0440\u043c\u0430\u043b-\u0421\u0442\u0430\u0440\u00bb \u0454 \u0443\u043d\u0456\u043a\u0430\u043b\u044c\u043d\u0438\u043c \u043a\u043e\u043c\u043f\u043b\u0435\u043a\u0441\u043e\u043c, \u0449\u043e \u043f\u043e\u0454\u0434\u043d\u0443\u0454 \u0432 \u0441\u043e\u0431\u0456 \u043c\u043e\u0436\u043b\u0438\u0432\u0456\u0441\u0442\u044c \u043a\u0440\u0430\u0449\u043e\u0433\u043e \u0437\u0430\u043c\u0456\u0441\u044c\u043a\u043e\u0433\u043e \u0432\u0456\u0434\u043f\u043e\u0447\u0438\u043d\u043a\u0443, \u043b\u0456\u043a\u0443\u0432\u0430\u043d\u043d\u044f \u043d\u0430 \u0417\u0430\u043a\u0430\u0440\u043f\u0430\u0442\u0442\u0456 \u0442\u0430 \u0437\u0430\u043d\u044f\u0442\u0442\u044f \u0441\u043f\u043e\u0440\u0442\u043e\u043c. \u0421\u0443\u0447\u0430\u0441\u043d\u0430 \u0441\u043f\u043e\u0440\u0442\u0438\u0432\u043d\u0430 \u0431\u0430\u0437\u0430 \u00ab\u0422\u0435\u0440\u043c\u0430\u043b-\u0421\u0442\u0430\u0440\u00bb \u043c\u0430\u0454 \u0432\u0441\u0435 \u043d\u0435\u043e\u0431\u0445\u0456\u0434\u043d\u0435 \u0434\u043b\u044f \u043f\u0440\u043e\u0432\u0435\u0434\u0435\u043d\u043d\u044f \u0441\u043f\u043e\u0440\u0442\u0438\u0432\u043d\u0438\u0445 \u0437\u0431\u043e\u0440\u0456\u0432, \u043a\u043e\u043d\u0444\u0435\u0440\u0435\u043d\u0446\u0456\u0439 \u0456 \u0441\u0435\u043c\u0456\u043d\u0430\u0440\u0456\u0432. \u0421\u043f\u043e\u0440\u0442\u0438\u0432\u043d\u0456 \u043e\u0431&#8217;\u0454\u043a\u0442\u0438 \u043f\u043e\u0431\u0443\u0434\u043e\u0432\u0430\u043d\u0456 \u0437\u0430 \u0454\u0432\u0440\u043e\u043f\u0435\u0439\u0441\u044c\u043a\u0438\u043c\u0438 \u0442\u0435\u0445\u043d\u043e\u043b\u043e\u0433\u0456\u044f\u043c\u0438, \u0449\u043e \u0434\u043e\u0437\u0432\u043e\u043b\u044f\u0454 \u0437\u0430\u0439\u043c\u0430\u0442\u0438\u0441\u044f \u0441\u043f\u043e\u0440\u0442\u043e\u043c \u043d\u0430 \u043f\u0440\u043e\u0444\u0435\u0441\u0456\u0439\u043d\u043e\u043c\u0443 \u0440\u0456\u0432\u043d\u0456. \u0421\u043f\u043e\u0440\u0442\u0438\u0432\u043d\u0430 \u0431\u0430\u0437\u0430 \u0422\u0435\u0440\u043c\u0430\u043b \u0421\u0442\u0430\u0440 \u0437 \u0457\u0457 \u0441\u043f\u043e\u0440\u0442\u0438\u0432\u043d\u0438\u043c \u043e\u0441\u043d\u0430\u0449\u0435\u043d\u043d\u044f\u043c&hellip;<\/p>","protected":false},"author":1,"featured_media":0,"parent":0,"menu_order":0,"comment_status":"closed","ping_status":"closed","template":"","meta":{"footnotes":""},"class_list":["post-706","page","type-page","status-publish","hentry","description-off"],"_links":{"self":[{"href":"https:\/\/termal-star.com\/sk\/wp-json\/wp\/v2\/pages\/706","targetHints":{"allow":["GET"]}}],"collection":[{"href":"https:\/\/termal-star.com\/sk\/wp-json\/wp\/v2\/pages"}],"about":[{"href":"https:\/\/termal-star.com\/sk\/wp-json\/wp\/v2\/types\/page"}],"author":[{"embeddable":true,"href":"https:\/\/termal-star.com\/sk\/wp-json\/wp\/v2\/users\/1"}],"replies":[{"embeddable":true,"href":"https:\/\/termal-star.com\/sk\/wp-json\/wp\/v2\/comments?post=706"}],"version-history":[{"count":20,"href":"https:\/\/termal-star.com\/sk\/wp-json\/wp\/v2\/pages\/706\/revisions"}],"predecessor-version":[{"id":1807,"href":"https:\/\/termal-star.com\/sk\/wp-json\/wp\/v2\/pages\/706\/revisions\/1807"}],"wp:attachment":[{"href":"https:\/\/termal-star.com\/sk\/wp-json\/wp\/v2\/media?parent=706"}],"curies":[{"name":"wp","href":"https:\/\/api.w.org\/{rel}","templated":true}]}}