{"id":707,"date":"2019-12-24T06:16:49","date_gmt":"2019-12-24T06:16:49","guid":{"rendered":"https:\/\/termal-star.com\/?page_id=707"},"modified":"2020-02-01T12:07:41","modified_gmt":"2020-02-01T12:07:41","slug":"other-services","status":"publish","type":"page","link":"https:\/\/termal-star.com\/sk\/other-services\/","title":{"rendered":"\u010eal\u0161ie slu\u017eby"},"content":{"rendered":"<div class=\"wpb-content-wrapper\"><div class=\"vc_row wpb_row vc_row-fluid vc_custom_1578577813217\"><div class=\"wpb_column vc_column_container vc_col-sm-12\"><div class=\"vc_column-inner\"><div class=\"wpb_wrapper\">\n<div class=\"vc_grid-container-wrapper vc_clearfix vc_grid-animation-fadeIn\">\n\t<div class=\"vc_grid-container vc_clearfix wpb_content_element vc_basic_grid\" data-initial-loading-animation=\"fadeIn\" data-vc-grid-settings=\"{&quot;page_id&quot;:707,&quot;style&quot;:&quot;all&quot;,&quot;action&quot;:&quot;vc_get_vc_grid_data&quot;,&quot;shortcode_id&quot;:&quot;1578675566720-fd536c98-7f64-9&quot;,&quot;tag&quot;:&quot;vc_basic_grid&quot;}\" data-vc-request=\"https:\/\/termal-star.com\/wp-admin\/admin-ajax.php\" data-vc-post-id=\"707\" data-vc-public-nonce=\"100965e836\">\n\t\t<style data-type=\"vc_shortcodes-custom-css\">.vc_custom_1578904434930{background-color: rgba(10,10,10,0.15) !important;background-position: center !important;background-repeat: no-repeat !important;background-size: cover !important;*background-color: rgb(10,10,10) !important;}.vc_custom_1578675192006{background-color: rgba(10,10,10,0.6) !important;*background-color: rgb(10,10,10) !important;}.vc_custom_1578904320538{padding-right: 25px !important;padding-left: 25px !important;}.vc_custom_1578904369378{padding-right: 25px !important;padding-left: 25px !important;}<\/style><div class=\"vc_grid vc_row vc_grid-gutter-30px vc_pageable-wrapper vc_hook_hover\" data-vc-pageable-content=\"true\"><div class=\"vc_pageable-slide-wrapper vc_clearfix\" data-vc-grid-content=\"true\"><div class=\"vc_grid-item vc_clearfix vc_col-sm-6\"><div class=\"vc_grid-item-mini vc_clearfix\"><div class=\"vc_gitem-animated-block  vc_gitem-animate vc_gitem-animate-fadeIn\"  data-vc-animation=\"fadeIn\"><div class=\"vc_gitem-zone vc_gitem-zone-a vc_custom_1578904434930 vc-gitem-zone-height-mode-auto vc-gitem-zone-height-mode-auto-1-1 vc_gitem-is-link\" style=\"background-image: url('https:\/\/termal-star.com\/wp-content\/uploads\/2022\/06\/img_8137.jpg') !important;\"><a href=\"https:\/\/termal-star.com\/sk\/service\/tenisnyj-kort\/\" title=\"Tenisov\u00fd kurt\" class=\"vc_gitem-link vc-zone-link\" ><\/a><img decoding=\"async\" class=\"vc_gitem-zone-img\" src=\"https:\/\/termal-star.com\/wp-content\/uploads\/2022\/06\/img_8137.jpg\" alt=\"Tenisov\u00fd kurt\" loading=\"lazy\"><div class=\"vc_gitem-zone-mini\"><div class=\"vc_gitem_row vc_row vc_gitem-row-position-middle\"><div class=\"vc_col-sm-12 vc_gitem-col vc_gitem-col-align-\"><div class=\"vc_custom_heading vc_custom_1578904320538 vc_gitem-post-data vc_gitem-post-data-source-post_title\" ><h3 style=\"font-size: 23px;color: #ffffff;line-height: 1.2;text-align: center;font-family:Playfair Display;font-weight:700;font-style:normal\" ><a href=\"https:\/\/termal-star.com\/sk\/service\/tenisnyj-kort\/\" class=\"vc_gitem-link\" title=\"Tenisov\u00fd kurt\">Tenisov\u00fd kurt<\/a><\/h3><\/div><\/div><\/div><\/div><\/div><div class=\"vc_gitem-zone vc_gitem-zone-b vc_custom_1578675192006 vc-gitem-zone-height-mode-auto vc_gitem-is-link\"><a href=\"https:\/\/termal-star.com\/sk\/service\/tenisnyj-kort\/\" title=\"Tenisov\u00fd kurt\" class=\"vc_gitem-link vc-zone-link\" ><\/a><div class=\"vc_gitem-zone-mini\"><div class=\"vc_gitem_row vc_row vc_gitem-row-position-middle\"><div class=\"vc_col-sm-12 vc_gitem-col vc_gitem-col-align-\"><div class=\"vc_custom_heading vc_custom_1578904369378 vc_gitem-post-data vc_gitem-post-data-source-post_title\" ><h3 style=\"font-size: 23px;color: #ffffff;line-height: 1.2;text-align: center;font-family:Playfair Display;font-weight:700;font-style:normal\" ><a href=\"https:\/\/termal-star.com\/sk\/service\/tenisnyj-kort\/\" class=\"vc_gitem-link\" title=\"Tenisov\u00fd kurt\">Tenisov\u00fd kurt<\/a><\/h3><\/div><\/div><\/div><\/div><\/div><\/div><\/div><div class=\"vc_clearfix\"><\/div><\/div><div class=\"vc_grid-item vc_clearfix vc_col-sm-6\"><div class=\"vc_grid-item-mini vc_clearfix\"><div class=\"vc_gitem-animated-block  vc_gitem-animate vc_gitem-animate-fadeIn\"  data-vc-animation=\"fadeIn\"><div class=\"vc_gitem-zone vc_gitem-zone-a vc_custom_1578904434930 vc-gitem-zone-height-mode-auto vc-gitem-zone-height-mode-auto-1-1 vc_gitem-is-link\" style=\"background-image: url('https:\/\/termal-star.com\/wp-content\/uploads\/2020\/01\/\u0424\u043e\u0442\u043e-56-1024x768.jpg') !important;\"><a href=\"https:\/\/termal-star.com\/sk\/service\/konferencz-servis\/\" title=\"Konferen\u010dn\u00e9 slu\u017eby\" class=\"vc_gitem-link vc-zone-link\" ><\/a><img decoding=\"async\" class=\"vc_gitem-zone-img\" src=\"https:\/\/termal-star.com\/wp-content\/uploads\/2020\/01\/\u0424\u043e\u0442\u043e-56-1024x768.jpg\" alt=\"Konferen\u010dn\u00e9 slu\u017eby\" loading=\"lazy\"><div class=\"vc_gitem-zone-mini\"><div class=\"vc_gitem_row vc_row vc_gitem-row-position-middle\"><div class=\"vc_col-sm-12 vc_gitem-col vc_gitem-col-align-\"><div class=\"vc_custom_heading vc_custom_1578904320538 vc_gitem-post-data vc_gitem-post-data-source-post_title\" ><h3 style=\"font-size: 23px;color: #ffffff;line-height: 1.2;text-align: center;font-family:Playfair Display;font-weight:700;font-style:normal\" ><a href=\"https:\/\/termal-star.com\/sk\/service\/konferencz-servis\/\" class=\"vc_gitem-link\" title=\"Konferen\u010dn\u00e9 slu\u017eby\">Konferen\u010dn\u00e9 slu\u017eby<\/a><\/h3><\/div><\/div><\/div><\/div><\/div><div class=\"vc_gitem-zone vc_gitem-zone-b vc_custom_1578675192006 vc-gitem-zone-height-mode-auto vc_gitem-is-link\"><a href=\"https:\/\/termal-star.com\/sk\/service\/konferencz-servis\/\" title=\"Konferen\u010dn\u00e9 slu\u017eby\" class=\"vc_gitem-link vc-zone-link\" ><\/a><div class=\"vc_gitem-zone-mini\"><div class=\"vc_gitem_row vc_row vc_gitem-row-position-middle\"><div class=\"vc_col-sm-12 vc_gitem-col vc_gitem-col-align-\"><div class=\"vc_custom_heading vc_custom_1578904369378 vc_gitem-post-data vc_gitem-post-data-source-post_title\" ><h3 style=\"font-size: 23px;color: #ffffff;line-height: 1.2;text-align: center;font-family:Playfair Display;font-weight:700;font-style:normal\" ><a href=\"https:\/\/termal-star.com\/sk\/service\/konferencz-servis\/\" class=\"vc_gitem-link\" title=\"Konferen\u010dn\u00e9 slu\u017eby\">Konferen\u010dn\u00e9 slu\u017eby<\/a><\/h3><\/div><\/div><\/div><\/div><\/div><\/div><\/div><div class=\"vc_clearfix\"><\/div><\/div><div class=\"vc_grid-item vc_clearfix vc_col-sm-6\"><div class=\"vc_grid-item-mini vc_clearfix\"><div class=\"vc_gitem-animated-block  vc_gitem-animate vc_gitem-animate-fadeIn\"  data-vc-animation=\"fadeIn\"><div class=\"vc_gitem-zone vc_gitem-zone-a vc_custom_1578904434930 vc-gitem-zone-height-mode-auto vc-gitem-zone-height-mode-auto-1-1 vc_gitem-is-link\" style=\"background-image: url('https:\/\/termal-star.com\/wp-content\/uploads\/2020\/01\/inshi-poslugy.jpeg') !important;\"><a href=\"https:\/\/termal-star.com\/sk\/service\/kosmetologiya\/\" title=\"Kozmetol\u00f3gia\" class=\"vc_gitem-link vc-zone-link\" ><\/a><img decoding=\"async\" class=\"vc_gitem-zone-img\" src=\"https:\/\/termal-star.com\/wp-content\/uploads\/2020\/01\/inshi-poslugy.jpeg\" alt=\"Kozmetol\u00f3gia\" loading=\"lazy\"><div class=\"vc_gitem-zone-mini\"><div class=\"vc_gitem_row vc_row vc_gitem-row-position-middle\"><div class=\"vc_col-sm-12 vc_gitem-col vc_gitem-col-align-\"><div class=\"vc_custom_heading vc_custom_1578904320538 vc_gitem-post-data vc_gitem-post-data-source-post_title\" ><h3 style=\"font-size: 23px;color: #ffffff;line-height: 1.2;text-align: center;font-family:Playfair Display;font-weight:700;font-style:normal\" ><a href=\"https:\/\/termal-star.com\/sk\/service\/kosmetologiya\/\" class=\"vc_gitem-link\" title=\"Kozmetol\u00f3gia\">Kozmetol\u00f3gia<\/a><\/h3><\/div><\/div><\/div><\/div><\/div><div class=\"vc_gitem-zone vc_gitem-zone-b vc_custom_1578675192006 vc-gitem-zone-height-mode-auto vc_gitem-is-link\"><a href=\"https:\/\/termal-star.com\/sk\/service\/kosmetologiya\/\" title=\"Kozmetol\u00f3gia\" class=\"vc_gitem-link vc-zone-link\" ><\/a><div class=\"vc_gitem-zone-mini\"><div class=\"vc_gitem_row vc_row vc_gitem-row-position-middle\"><div class=\"vc_col-sm-12 vc_gitem-col vc_gitem-col-align-\"><div class=\"vc_custom_heading vc_custom_1578904369378 vc_gitem-post-data vc_gitem-post-data-source-post_title\" ><h3 style=\"font-size: 23px;color: #ffffff;line-height: 1.2;text-align: center;font-family:Playfair Display;font-weight:700;font-style:normal\" ><a href=\"https:\/\/termal-star.com\/sk\/service\/kosmetologiya\/\" class=\"vc_gitem-link\" title=\"Kozmetol\u00f3gia\">Kozmetol\u00f3gia<\/a><\/h3><\/div><\/div><\/div><\/div><\/div><\/div><\/div><div class=\"vc_clearfix\"><\/div><\/div><\/div><\/div>\n\t<\/div>\n<\/div><\/div><\/div><\/div><\/div>\n<\/div>","protected":false},"excerpt":{"rendered":"","protected":false},"author":1,"featured_media":0,"parent":0,"menu_order":0,"comment_status":"closed","ping_status":"closed","template":"","meta":{"footnotes":""},"class_list":["post-707","page","type-page","status-publish","hentry","description-off"],"_links":{"self":[{"href":"https:\/\/termal-star.com\/sk\/wp-json\/wp\/v2\/pages\/707","targetHints":{"allow":["GET"]}}],"collection":[{"href":"https:\/\/termal-star.com\/sk\/wp-json\/wp\/v2\/pages"}],"about":[{"href":"https:\/\/termal-star.com\/sk\/wp-json\/wp\/v2\/types\/page"}],"author":[{"embeddable":true,"href":"https:\/\/termal-star.com\/sk\/wp-json\/wp\/v2\/users\/1"}],"replies":[{"embeddable":true,"href":"https:\/\/termal-star.com\/sk\/wp-json\/wp\/v2\/comments?post=707"}],"version-history":[{"count":5,"href":"https:\/\/termal-star.com\/sk\/wp-json\/wp\/v2\/pages\/707\/revisions"}],"predecessor-version":[{"id":1038,"href":"https:\/\/termal-star.com\/sk\/wp-json\/wp\/v2\/pages\/707\/revisions\/1038"}],"wp:attachment":[{"href":"https:\/\/termal-star.com\/sk\/wp-json\/wp\/v2\/media?parent=707"}],"curies":[{"name":"wp","href":"https:\/\/api.w.org\/{rel}","templated":true}]}}