{"id":983,"date":"2020-01-10T07:46:48","date_gmt":"2020-01-10T07:46:48","guid":{"rendered":"https:\/\/termal-star.com\/?page_id=983"},"modified":"2020-03-14T09:43:04","modified_gmt":"2020-03-14T09:43:04","slug":"profil","status":"publish","type":"page","link":"https:\/\/termal-star.com\/sk\/medicine\/profil\/","title":{"rendered":"Profil"},"content":{"rendered":"<div class=\"wpb-content-wrapper\"><div class=\"vc_row wpb_row vc_row-fluid\"><div class=\"wpb_column vc_column_container vc_col-sm-12\"><div class=\"vc_column-inner\"><div class=\"wpb_wrapper\"><div id=\"ultimate-heading-705069e9166b29f8c\" class=\"uvc-heading ult-adjust-bottom-margin ultimate-heading-705069e9166b29f8c uvc-673\" data-hspacer=\"no_spacer\"  data-halign=\"left\" style=\"text-align:left\"><div class=\"uvc-heading-spacer no_spacer\" style=\"top\"><\/div><div class=\"uvc-main-heading ult-responsive\"  data-ultimate-target='.uvc-heading.ultimate-heading-705069e9166b29f8c h2'  data-responsive-json-new='{\"font-size\":\"desktop:30px;mobile_landscape:25px;\",\"line-height\":\"desktop:35px;mobile_landscape:30px;\"}' ><h2 style=\"font-family:&#039;Playfair Display&#039;;font-weight:700;margin-bottom:25px;\">Lek\u00e1rske indik\u00e1cie:<\/h2><\/div><\/div>\n\t<div class=\"wpb_text_column wpb_content_element\" >\n\t\t<div class=\"wpb_wrapper\">\n\t\t\t<p><img loading=\"lazy\" decoding=\"async\" class=\"alignleft wp-image-1048 size-medium\" src=\"https:\/\/termal-star.com\/wp-content\/uploads\/2020\/01\/basein-2-300x193.jpg\" alt=\"Term\u00e1lny baz\u00e9n\" width=\"300\" height=\"193\" srcset=\"https:\/\/termal-star.com\/wp-content\/uploads\/2020\/01\/basein-2-300x193.jpg 300w, https:\/\/termal-star.com\/wp-content\/uploads\/2020\/01\/basein-2.jpg 700w\" sizes=\"auto, (max-width: 300px) 100vw, 300px\" \/><\/p>\n<p>Sanat\u00f3rium a zdravotn\u00fd komplex \u201eThermal-Star\u201c je postaven\u00fd na term\u00e1lnych vod\u00e1ch, ktor\u00fdch prevl\u00e1daj\u00facimi prvkami s\u00fa krem\u00edk a \u017eelezo. Preto s\u00fa balneologick\u00e9 proced\u00fary jedine\u010dn\u00e9, preto\u017ee z\u00e1kladom lie\u010dby s\u00fa pr\u00e1ve ony - pr\u00edrodn\u00e9, vysokokrem\u00edkov\u00e9, miner\u00e1lne, term\u00e1lne vody Zakarpatska, bohat\u00e9 na miner\u00e1lne soli a zn\u00e1me svojimi lie\u010div\u00fdmi vlastnos\u0165ami u\u017e od staroveku. Voda v kombin\u00e1cii s modern\u00fdm vybaven\u00edm a technol\u00f3giami je z\u00e1kladom cel\u00e9ho lie\u010debn\u00e9ho a lie\u010debn\u00e9ho procesu. Na\u0161\u00edm cie\u013eom je v\u00e1\u0161 relax a regener\u00e1cia!<\/p>\n<p>Medzi indik\u00e1cie lie\u010dby v Thermal-Star patria ochorenia pohybov\u00e9ho apar\u00e1tu a perif\u00e9rneho nervov\u00e9ho syst\u00e9mu, ko\u017en\u00e9 ochorenia, ako aj funk\u010dn\u00e9 ochorenia kardiovaskul\u00e1rneho syst\u00e9mu, tr\u00e1viaceho a urogenit\u00e1lneho syst\u00e9mu, celkov\u00fd pokles vitality a psychoemocion\u00e1lne poruchy.<\/p>\n\n\t\t<\/div>\n\t<\/div>\n<\/div><\/div><\/div><\/div><div class=\"vc_row wpb_row vc_row-fluid\"><div class=\"wpb_column vc_column_container vc_col-sm-12\"><div class=\"vc_column-inner\"><div class=\"wpb_wrapper\"><div id=\"ultimate-heading-573169e9166b2ad85\" class=\"uvc-heading ult-adjust-bottom-margin ultimate-heading-573169e9166b2ad85 uvc-3925\" data-hspacer=\"no_spacer\"  data-halign=\"left\" style=\"text-align:left\"><div class=\"uvc-heading-spacer no_spacer\" style=\"top\"><\/div><div class=\"uvc-main-heading ult-responsive\"  data-ultimate-target='.uvc-heading.ultimate-heading-573169e9166b2ad85 h2'  data-responsive-json-new='{\"font-size\":\"desktop:30px;mobile_landscape:25px;\",\"line-height\":\"desktop:35px;mobile_landscape:30px;\"}' ><h2 style=\"font-family:&#039;Playfair Display&#039;;font-weight:700;margin-bottom:25px;\">Choroby pohybov\u00e9ho apar\u00e1tu:<\/h2><\/div><\/div>\n\t<div class=\"wpb_text_column wpb_content_element\" >\n\t\t<div class=\"wpb_wrapper\">\n\t\t\t<p><img loading=\"lazy\" decoding=\"async\" class=\"alignleft wp-image-1075 size-medium\" src=\"https:\/\/termal-star.com\/wp-content\/uploads\/2020\/01\/pidvodni-1-300x193.jpg\" alt=\"Vertik\u00e1lna vertebr\u00e1lna trakcia pod vodou\" width=\"300\" height=\"193\" srcset=\"https:\/\/termal-star.com\/wp-content\/uploads\/2020\/01\/pidvodni-1-300x193.jpg 300w, https:\/\/termal-star.com\/wp-content\/uploads\/2020\/01\/pidvodni-1.jpg 700w\" sizes=\"auto, (max-width: 300px) 100vw, 300px\" \/><\/p>\n<ul>\n<li>prim\u00e1rna artr\u00f3za (polyartr\u00f3za, oligoartr\u00f3za, monoartr\u00f3za);<\/li>\n<li>sekund\u00e1rna artr\u00f3za (v d\u00f4sledku dyspl\u00e1zie, artrit\u00eddy, \u00farazov, statick\u00fdch por\u00fach, hypermobility);<\/li>\n<li>ankylozuj\u00faca spondylit\u00edda (Bechterevova choroba) v remisii alebo s minim\u00e1lnou aktivitou procesu;<\/li>\n<li>reakt\u00edvna artrit\u00edda (po infekcii nosohltana, po o\u010dkovan\u00ed, po injekci\u00e1ch at\u010f.) v chronickom \u0161t\u00e1diu;<\/li>\n<li>n\u00e1sledky prekonanej reumatickej artrit\u00eddy alebo polyartrit\u00eddy (najnesk\u00f4r do 8-10 mesiacov po ukon\u010den\u00ed ak\u00fatnych alebo subak\u00fatnych srdcov\u00fdch pr\u00edhod, pri absencii alebo minim\u00e1lnej aktivite reumatick\u00e9ho procesu, s obehov\u00fdm zlyhan\u00edm nie vy\u0161\u0161\u00edm ako I. stupe\u0148);<\/li>\n<li>medzistavcov\u00e1 osteochondr\u00f3za, spondyl\u00f3za;<\/li>\n<li>reumatoidn\u00e1 artrit\u00edda alebo polyartrit\u00edda v neakt\u00edvnej f\u00e1ze alebo s minim\u00e1lnym stup\u0148om aktivity;<\/li>\n<li>n\u00e1sledky zlomen\u00edn k\u013abov a kost\u00ed s oneskorenou konsolid\u00e1ciou;<\/li>\n<li>stav po oper\u00e1ci\u00e1ch k\u013abov a chrbtice;<\/li>\n<li>kontrakt\u00fary: artrog\u00e9nne, osteog\u00e9nne, jazvov\u00e9, neurog\u00e9nne;<\/li>\n<li>ochorenia okolo k\u013abov\u00fdch tkan\u00edv (myozit\u00edda, ligamentit\u00edda, Dupuytrenova kontrakt\u00fara, periartrit\u00edda at\u010f.);<\/li>\n<\/ul>\n\n\t\t<\/div>\n\t<\/div>\n<\/div><\/div><\/div><\/div><div class=\"vc_row wpb_row vc_row-fluid\"><div class=\"wpb_column vc_column_container vc_col-sm-12\"><div class=\"vc_column-inner\"><div class=\"wpb_wrapper\"><div id=\"ultimate-heading-518669e9166b2b6ff\" class=\"uvc-heading ult-adjust-bottom-margin ultimate-heading-518669e9166b2b6ff uvc-3057\" data-hspacer=\"no_spacer\"  data-halign=\"left\" style=\"text-align:left\"><div class=\"uvc-heading-spacer no_spacer\" style=\"top\"><\/div><div class=\"uvc-main-heading ult-responsive\"  data-ultimate-target='.uvc-heading.ultimate-heading-518669e9166b2b6ff h2'  data-responsive-json-new='{\"font-size\":\"desktop:30px;mobile_landscape:25px;\",\"line-height\":\"desktop:35px;mobile_landscape:30px;\"}' ><h2 style=\"font-family:&#039;Playfair Display&#039;;font-weight:700;margin-bottom:25px;\">Ochorenia kardiovaskul\u00e1rneho syst\u00e9mu:<\/h2><\/div><\/div>\n\t<div class=\"wpb_text_column wpb_content_element\" >\n\t\t<div class=\"wpb_wrapper\">\n\t\t\t<p><img loading=\"lazy\" decoding=\"async\" class=\"size-medium wp-image-1279 alignleft\" src=\"https:\/\/termal-star.com\/wp-content\/uploads\/2020\/01\/zahvoryuvannya-serczevo-sudynnoyi-systemy-300x193.jpg\" alt=\"Kardiovaskul\u00e1rne ochorenia\" width=\"300\" height=\"193\" srcset=\"https:\/\/termal-star.com\/wp-content\/uploads\/2020\/01\/zahvoryuvannya-serczevo-sudynnoyi-systemy-300x193.jpg 300w, https:\/\/termal-star.com\/wp-content\/uploads\/2020\/01\/zahvoryuvannya-serczevo-sudynnoyi-systemy.jpg 700w\" sizes=\"auto, (max-width: 300px) 100vw, 300px\" \/><\/p>\n<ul>\n<li>Hypertenzn\u00e1 choroba I. \u2013 II. \u0161t\u00e1dia s poruchami krvn\u00e9ho obehu nie vy\u0161\u0161\u00edmi ako II. \u0161t\u00e1dium;<\/li>\n<li>ischemick\u00e1 choroba srdca;<\/li>\n<\/ul>\n\n\t\t<\/div>\n\t<\/div>\n<\/div><\/div><\/div><\/div><div class=\"vc_row wpb_row vc_row-fluid\"><div class=\"wpb_column vc_column_container vc_col-sm-12\"><div class=\"vc_column-inner\"><div class=\"wpb_wrapper\"><div id=\"ultimate-heading-211769e9166b2c239\" class=\"uvc-heading ult-adjust-bottom-margin ultimate-heading-211769e9166b2c239 uvc-230\" data-hspacer=\"no_spacer\"  data-halign=\"left\" style=\"text-align:left\"><div class=\"uvc-heading-spacer no_spacer\" style=\"top\"><\/div><div class=\"uvc-main-heading ult-responsive\"  data-ultimate-target='.uvc-heading.ultimate-heading-211769e9166b2c239 h2'  data-responsive-json-new='{\"font-size\":\"desktop:30px;mobile_landscape:25px;\",\"line-height\":\"desktop:35px;mobile_landscape:30px;\"}' ><h2 style=\"font-family:&#039;Playfair Display&#039;;font-weight:700;margin-bottom:25px;\">Ko\u017en\u00e9 choroby:<\/h2><\/div><\/div>\n\t<div class=\"wpb_text_column wpb_content_element\" >\n\t\t<div class=\"wpb_wrapper\">\n\t\t\t<p>Chronick\u00e9 ko\u017en\u00e9 ochorenia:<\/p>\n<ul>\n<li>psori\u00e1za;<\/li>\n<li>neurodermatit\u00edda;<\/li>\n<li>ekz\u00e9m;<\/li>\n<li>akn\u00e9 vyr\u00e1\u017eky.<\/li>\n<\/ul>\n\n\t\t<\/div>\n\t<\/div>\n<\/div><\/div><\/div><\/div><div class=\"vc_row wpb_row vc_row-fluid\"><div class=\"wpb_column vc_column_container vc_col-sm-12\"><div class=\"vc_column-inner\"><div class=\"wpb_wrapper\"><div id=\"ultimate-heading-428069e9166b2cd3a\" class=\"uvc-heading ult-adjust-bottom-margin ultimate-heading-428069e9166b2cd3a uvc-8793\" data-hspacer=\"no_spacer\"  data-halign=\"left\" style=\"text-align:left\"><div class=\"uvc-heading-spacer no_spacer\" style=\"top\"><\/div><div class=\"uvc-main-heading ult-responsive\"  data-ultimate-target='.uvc-heading.ultimate-heading-428069e9166b2cd3a h2'  data-responsive-json-new='{\"font-size\":\"desktop:30px;mobile_landscape:25px;\",\"line-height\":\"desktop:35px;mobile_landscape:30px;\"}' ><h2 style=\"font-family:&#039;Playfair Display&#039;;font-weight:700;margin-bottom:25px;\">Perif\u00e9rne cievne ochorenie:<\/h2><\/div><\/div>\n\t<div class=\"wpb_text_column wpb_content_element\" >\n\t\t<div class=\"wpb_wrapper\">\n\t\t\t<ul>\n<li>obliteruj\u00faca ateroskler\u00f3za ciev kon\u010dat\u00edn;<\/li>\n<li>obliteruj\u00faca endarterit\u00edda (s poruchami krvn\u00e9ho obehu doln\u00fdch kon\u010dat\u00edn I.-II. stup\u0148a);<\/li>\n<li>akroangiover\u00f3za;<\/li>\n<li>k\u0155\u010dov\u00e9 \u017eily kon\u010dat\u00edn bez tromboflebit\u00eddy alebo nie sk\u00f4r ako rok po epiz\u00f3de ak\u00fatnej tromboflebit\u00eddy bez trofick\u00fdch ko\u017en\u00fdch por\u00fach a vredov.<\/li>\n<\/ul>\n\n\t\t<\/div>\n\t<\/div>\n<\/div><\/div><\/div><\/div><div class=\"vc_row wpb_row vc_row-fluid\"><div class=\"wpb_column vc_column_container vc_col-sm-12\"><div class=\"vc_column-inner\"><div class=\"wpb_wrapper\"><div id=\"ultimate-heading-157069e9166b2d888\" class=\"uvc-heading ult-adjust-bottom-margin ultimate-heading-157069e9166b2d888 uvc-9604\" data-hspacer=\"no_spacer\"  data-halign=\"left\" style=\"text-align:left\"><div class=\"uvc-heading-spacer no_spacer\" style=\"top\"><\/div><div class=\"uvc-main-heading ult-responsive\"  data-ultimate-target='.uvc-heading.ultimate-heading-157069e9166b2d888 h2'  data-responsive-json-new='{\"font-size\":\"desktop:30px;mobile_landscape:25px;\",\"line-height\":\"desktop:35px;mobile_landscape:30px;\"}' ><h2 style=\"font-family:&#039;Playfair Display&#039;;font-weight:700;margin-bottom:25px;\">Choroby vn\u00fatorn\u00fdch org\u00e1nov:<\/h2><\/div><\/div>\n\t<div class=\"wpb_text_column wpb_content_element\" >\n\t\t<div class=\"wpb_wrapper\">\n\t\t\t<ul>\n<li style=\"font-weight: 400;\"><span style=\"font-weight: 400;\">chronick\u00e1 gastrit\u00edda v remisii;<\/span><\/li>\n<li style=\"font-weight: 400;\"><span style=\"font-weight: 400;\">chronick\u00e1 nekalcifikovan\u00e1 cholecystit\u00edda v remisii a dyskin\u00e9za \u017el\u010dov\u00fdch ciest<\/span><b>;<\/b><\/li>\n<li style=\"font-weight: 400;\"><span style=\"font-weight: 400;\">chronick\u00e1 pankreatit\u00edda v remisii;<\/span><\/li>\n<li style=\"font-weight: 400;\"><span style=\"font-weight: 400;\">chronick\u00e1 pyelonefrit\u00edda v remisii;<\/span><\/li>\n<li style=\"font-weight: 400;\"><span style=\"font-weight: 400;\">diabetes mellitus v \u0161t\u00e1diu kompenz\u00e1cie;<\/span><\/li>\n<li style=\"font-weight: 400;\"><span style=\"font-weight: 400;\">mo\u010dov\u00e1 diat\u00e9za.<\/span><\/li>\n<\/ul>\n\n\t\t<\/div>\n\t<\/div>\n<\/div><\/div><\/div><\/div><div class=\"vc_row wpb_row vc_row-fluid\"><div class=\"wpb_column vc_column_container vc_col-sm-12\"><div class=\"vc_column-inner\"><div class=\"wpb_wrapper\"><div id=\"ultimate-heading-66569e9166b2e482\" class=\"uvc-heading ult-adjust-bottom-margin ultimate-heading-66569e9166b2e482 uvc-1612\" data-hspacer=\"no_spacer\"  data-halign=\"left\" style=\"text-align:left\"><div class=\"uvc-heading-spacer no_spacer\" style=\"top\"><\/div><div class=\"uvc-main-heading ult-responsive\"  data-ultimate-target='.uvc-heading.ultimate-heading-66569e9166b2e482 h2'  data-responsive-json-new='{\"font-size\":\"desktop:30px;mobile_landscape:25px;\",\"line-height\":\"desktop:35px;mobile_landscape:30px;\"}' ><h2 style=\"font-family:&#039;Playfair Display&#039;;font-weight:700;margin-bottom:25px;\">Kontraindik\u00e1cia:<\/h2><\/div><\/div>\n\t<div class=\"wpb_text_column wpb_content_element\" >\n\t\t<div class=\"wpb_wrapper\">\n\t\t\t<p><img loading=\"lazy\" decoding=\"async\" class=\"alignleft wp-image-85 size-medium\" src=\"https:\/\/termal-star.com\/wp-content\/uploads\/2019\/11\/medychni-pokazannya-300x193.jpg\" alt=\"Term\u00e1lna hviezda Zakarpatsko\" width=\"300\" height=\"193\" srcset=\"https:\/\/termal-star.com\/wp-content\/uploads\/2019\/11\/medychni-pokazannya-300x193.jpg 300w, https:\/\/termal-star.com\/wp-content\/uploads\/2019\/11\/medychni-pokazannya.jpg 700w\" sizes=\"auto, (max-width: 300px) 100vw, 300px\" \/><\/p>\n<p>V\u0161eobecn\u00e9 kontraindik\u00e1cie pou\u017e\u00edvania pr\u00edrodn\u00fdch lie\u010div\u00fdch zdrojov a fyzik\u00e1lnych faktorov:<\/p>\n<ul>\n<li style=\"font-weight: 400;\"><span style=\"font-weight: 400;\">exacerb\u00e1cia chronick\u00fdch ochoren\u00ed;<\/span><\/li>\n<li style=\"font-weight: 400;\"><span style=\"font-weight: 400;\">hypertenzia v tre\u0165om \u0161t\u00e1diu;<\/span><\/li>\n<li style=\"font-weight: 400;\"><span style=\"font-weight: 400;\">nestabiln\u00e1 ang\u00edna pectoris;<\/span><\/li>\n<li style=\"font-weight: 400;\"><span style=\"font-weight: 400;\">zlyhanie krvn\u00e9ho obehu nad \u0161t\u00e1diom I;<\/span><\/li>\n<li style=\"font-weight: 400;\"><span style=\"font-weight: 400;\">mastopatia;<\/span><\/li>\n<li style=\"font-weight: 400;\"><span style=\"font-weight: 400;\">ben\u00edgne a mal\u00edgne n\u00e1dory;<\/span><\/li>\n<li style=\"font-weight: 400;\"><span style=\"font-weight: 400;\">stav po chirurgick\u00fdch z\u00e1krokoch najsk\u00f4r 3 mesiace;<\/span><\/li>\n<li style=\"font-weight: 400;\"><span style=\"font-weight: 400;\">v\u0161eobecn\u00e9 lek\u00e1rske kontraindik\u00e1cie pre vymenovanie hydroterapie;<\/span><\/li>\n<li style=\"font-weight: 400;\"><span style=\"font-weight: 400;\">ak\u00fatne infek\u010dn\u00e9 choroby.<\/span><\/li>\n<\/ul>\n\n\t\t<\/div>\n\t<\/div>\n<\/div><\/div><\/div><\/div>\n<\/div>","protected":false},"excerpt":{"rendered":"<p>\u041c\u0435\u0434\u0438\u0447\u043d\u0456 \u043f\u043e\u043a\u0430\u0437\u0430\u043d\u043d\u044f: \u0421\u0430\u043d\u0430\u0442\u043e\u0440\u043d\u043e-\u043e\u0437\u0434\u043e\u0440\u043e\u0432\u0447\u0438\u0439 \u043a\u043e\u043c\u043f\u043b\u0435\u043a\u0441 \u00ab\u0422\u0435\u0440\u043c\u0430\u043b-C\u0442\u0430\u0440\u00bb \u043f\u043e\u0431\u0443\u0434\u043e\u0432\u0430\u043d\u0438\u0439 \u043d\u0430 \u0442\u0435\u0440\u043c\u0430\u043b\u044c\u043d\u0438\u0445 \u0432\u043e\u0434\u0430\u0445, \u043f\u0435\u0440\u0435\u0432\u0430\u0436\u0430\u044e\u0447\u0438\u043c\u0438 \u0435\u043b\u0435\u043c\u0435\u043d\u0442\u0430\u043c\u0438 \u044f\u043a\u0438\u0445 \u0454 \u043a\u0440\u0435\u043c\u043d\u0456\u0439 \u0442\u0430 \u0437\u0430\u043b\u0456\u0437\u043e. \u0412\u0456\u0434\u0442\u0430\u043a, \u0431\u0430\u043b\u044c\u043d\u0435\u043e\u043b\u043e\u0433\u0456\u0447\u043d\u0456 \u043f\u0440\u043e\u0446\u0435\u0434\u0443\u0440\u0438 \u0443\u043d\u0456\u043a\u0430\u043b\u044c\u043d\u0456, \u0431\u043e \u0437\u0430 \u043e\u0441\u043d\u043e\u0432\u0443 \u043b\u0456\u043a\u0443\u0432\u0430\u043d\u043d\u044f \u0432\u0437\u044f\u0442\u0456 \u0441\u0430\u043c\u0435 \u0432\u043e\u043d\u0438 \u2013 \u043f\u0440\u0438\u0440\u043e\u0434\u043d\u0456, \u0432\u0438\u0441\u043e\u043a\u043e\u043a\u0440\u0435\u043c\u043d\u0456\u0454\u0432\u0456, \u043c\u0456\u043d\u0435\u0440\u0430\u043b\u044c\u043d\u0456, \u0442\u0435\u0440\u043c\u0430\u043b\u044c\u043d\u0456 \u0432\u043e\u0434\u0438 \u0417\u0430\u043a\u0430\u0440\u043f\u0430\u0442\u0442\u044f, \u0431\u0430\u0433\u0430\u0442\u0456 \u043c\u0456\u043d\u0435\u0440\u0430\u043b\u044c\u043d\u0438\u043c\u0438 \u0441\u043e\u043b\u044f\u043c\u0438 \u0442\u0430 \u0432\u0456\u0434\u043e\u043c\u0456 \u0441\u0432\u043e\u0457\u043c\u0438 \u0446\u0456\u043b\u044e\u0449\u0438\u043c\u0438 \u0432\u043b\u0430\u0441\u0442\u0438\u0432\u043e\u0441\u0442\u044f\u043c\u0438 \u0449\u0435 \u0437 \u0434\u0430\u0432\u043d\u0456\u0445-\u0434\u0430\u0432\u0435\u043d. \u0412\u043e\u0434\u0430, \u0443 \u043f\u043e\u0454\u0434\u043d\u0430\u043d\u043d\u0456 \u0437 \u0441\u0443\u0447\u0430\u0441\u043d\u0438\u043c \u043e\u0431\u043b\u0430\u0434\u043d\u0430\u043d\u043d\u044f\u043c \u0442\u0430 \u0442\u0435\u0445\u043d\u043e\u043b\u043e\u0433\u0456\u044f\u043c\u0438, \u0454 \u0431\u0430\u0437\u043e\u044e&hellip;<\/p>","protected":false},"author":1,"featured_media":0,"parent":708,"menu_order":0,"comment_status":"closed","ping_status":"closed","template":"","meta":{"footnotes":""},"class_list":["post-983","page","type-page","status-publish","hentry","description-off"],"_links":{"self":[{"href":"https:\/\/termal-star.com\/sk\/wp-json\/wp\/v2\/pages\/983","targetHints":{"allow":["GET"]}}],"collection":[{"href":"https:\/\/termal-star.com\/sk\/wp-json\/wp\/v2\/pages"}],"about":[{"href":"https:\/\/termal-star.com\/sk\/wp-json\/wp\/v2\/types\/page"}],"author":[{"embeddable":true,"href":"https:\/\/termal-star.com\/sk\/wp-json\/wp\/v2\/users\/1"}],"replies":[{"embeddable":true,"href":"https:\/\/termal-star.com\/sk\/wp-json\/wp\/v2\/comments?post=983"}],"version-history":[{"count":14,"href":"https:\/\/termal-star.com\/sk\/wp-json\/wp\/v2\/pages\/983\/revisions"}],"predecessor-version":[{"id":1498,"href":"https:\/\/termal-star.com\/sk\/wp-json\/wp\/v2\/pages\/983\/revisions\/1498"}],"up":[{"embeddable":true,"href":"https:\/\/termal-star.com\/sk\/wp-json\/wp\/v2\/pages\/708"}],"wp:attachment":[{"href":"https:\/\/termal-star.com\/sk\/wp-json\/wp\/v2\/media?parent=983"}],"curies":[{"name":"wp","href":"https:\/\/api.w.org\/{rel}","templated":true}]}}